{"id":77,"date":"2021-10-21T11:56:11","date_gmt":"2021-10-21T09:56:11","guid":{"rendered":"http:\/\/testik.de\/einstein-website.de\/en\/?page_id=77"},"modified":"2023-02-25T08:07:22","modified_gmt":"2023-02-25T07:07:22","slug":"maschinchen","status":"publish","type":"page","link":"https:\/\/einstein-website.de\/en\/maschinchen\/","title":{"rendered":"&#8220;Maschinchen&#8221;"},"content":{"rendered":"\n<div class=\"wp-block-columns is-layout-flex wp-container-core-columns-is-layout-1 wp-block-columns-is-layout-flex\">\n<div class=\"wp-block-column is-vertically-aligned-top is-layout-flow wp-block-column-is-layout-flow\" style=\"flex-basis:9%\">\n<div class=\"wp-block-image\"><figure class=\"alignleft size-large is-resized\"><img loading=\"lazy\" decoding=\"async\" src=\"https:\/\/einstein-website.de\/en\/wp-content\/uploads\/sites\/3\/2021\/12\/ic_hd_biografie.png\" alt=\"\" class=\"wp-image-759\" width=\"56\" height=\"56\" \/><\/figure><\/div>\n\n\n\n<p><\/p>\n<\/div>\n\n\n\n<div class=\"wp-block-column is-layout-flow wp-block-column-is-layout-flow\" style=\"flex-basis:79%\">\n<p>Biography<\/p>\n<\/div>\n\n\n\n<div class=\"wp-block-column is-layout-flow wp-block-column-is-layout-flow\" style=\"flex-basis:12%\"><a href=\"https:\/\/einstein-website.de\/\" title=\"DEUTSCH\"><img decoding=\"async\" src=\"https:\/\/einstein-website.de\/en\/wp-content\/plugins\/multisite-language-switcher\/flags\/de.png\" alt=\"de_DE\"\/> DEUTSCH<\/a><\/div>\n<\/div>\n\n\n\n<blockquote class=\"wp-block-quote is-layout-flow wp-block-quote-is-layout-flow\">\n<p>&#8220;I herewith friendly invite you that we together make the final tests with the Maschinchen &amp; write the essay.&#8221;<\/p>\n<\/blockquote>\n\n\n\n<p class=\"has-text-align-right\">Albert Einstein in a letter to Conrad Habicht, March 4, 1910<\/p>\n\n\n\n<div style=\"height:30px\" aria-hidden=\"true\" class=\"wp-block-spacer\"><\/div>\n\n\n\n<h2 class=\"wp-block-heading\">The &#8220;MASCHINCHEN&#8221;<\/h2>\n\n\n\n<div style=\"height:10px\" aria-hidden=\"true\" class=\"wp-block-spacer\"><\/div>\n\n\n\n<p>Already in his youth Einstein developed interest in technical tasks and their solutions. This was probably owed to his father (Hermann Einstein, 1847-1902) and his uncle Jakob (Jakob Einstein, 1850-1912) who were long time owners of an electrotechnical company.<\/p>\n\n\n\n<p>This interest shows in the different technical projects Einstein was busy with over the years. In some cases there were even patents awarded, however, always together with a partner.<\/p>\n\n\n\n<div style=\"height:10px\" aria-hidden=\"true\" class=\"wp-block-spacer\"><\/div>\n\n\n\n<div class=\"wp-block-columns is-layout-flex wp-container-core-columns-is-layout-2 wp-block-columns-is-layout-flex\">\n<div class=\"wp-block-column is-layout-flow wp-block-column-is-layout-flow\"><div class=\"wp-block-image\">\n<figure class=\"aligncenter size-large is-resized\"><img decoding=\"async\" src=\"https:\/\/einstein-website.de\/en\/wp-content\/uploads\/sites\/3\/2021\/12\/e_maschinchen.jpg\" alt=\"\" class=\"wp-image-405\" width=\"290\" srcset=\"https:\/\/einstein-website.de\/en\/wp-content\/uploads\/sites\/2\/2021\/12\/e_maschinchen.jpg 274w, https:\/\/einstein-website.de\/en\/wp-content\/uploads\/sites\/2\/2021\/12\/e_maschinchen-212x300.jpg 212w\" sizes=\"(max-width: 274px) 100vw, 274px\" \/><figcaption class=\"wp-element-caption\">Sectional drawing \u2013 Einstein\u2018s &#8220;Maschinchen&#8221; Source: Physical Journal 11 (1910), page 533<\/figcaption><\/figure><\/div><\/div>\n\n\n\n<div class=\"wp-block-column is-vertically-aligned-center is-layout-flow wp-block-column-is-layout-flow\">\n<p>One of these technical tasks was the device Einstein in his letters often lovingly described as &#8220;Maschinchen&#8221;. What is meant here is an &#8220;electrostatic potential multiplier&#8221; with which it should be possible to measure even smallest voltage differences of half a millivolt through the combination of an &#8220;air capacitor consisting of mobile plate systems which were pushed into each other with a multiplier&#8221;. The amplification of the very small initial voltage was realized &#8220;via electrostatic induction and electrometric measurement of the final voltage.<\/p>\n\n\n\n<div style=\"height:10px\" aria-hidden=\"true\" class=\"wp-block-spacer\"><\/div>\n\n\n\n<p>Einstein\u2019s basic considerations concerning the development of the Maschinchen can be traced back to two of his works from the year 1905. On the one hand he hoped that his Maschinchen would prove his predictions concerning the theory of Brownian motion. On the other hand he wanted to check the equivalence of mass and energy (E=mc\u00b2) with the help of research in the field of radioactivity.<\/p>\n<\/div>\n<\/div>\n\n\n\n<p>In April 1908 Einstein published his invention in volume 7 of the Physical Journal on the pages 216-217 in an article with the title <em>&#8220;A new electrostatic method for the measurement of smallest amounts of electricity\u201c<\/em> <em>(\u201eEine neue elektrostatische Methode zur Messung kleinster Elektrizit\u00e4tsmengen\u201c)<\/em>, which also contained first basic depictions of the Maschinchen. In the article Einstein writes among other things: <em>&#8220;\u2026 As the improved sensitivity of the electrostatic measuring methods is of importance for the research in the field of radioactivity I hope that a physicist will be interested in the matter as I would like to discuss my further considerations concerning the object with him. This plan developed as I was thinking about the fact how the spontaneous charges of conductors which are demanded by the molecular theory of heat and which are analogous to the Brownian motion can be verified and measured. I hope to have helped solving also this problem with the described plan.\u201c<\/em> <em>(\u201e\u2026 Da die Erh\u00f6hung der Empfindlichkeit der elektrostatischen Me\u00dfmethoden von Bedeutung ist f\u00fcr die Erforschung der Radioaktivit\u00e4t, hoffe ich, da\u00df sich ein Physiker f\u00fcr die Sache interessieren wird. Meine weiteren \u00dcberlegungen \u00fcber den Gegenstand w\u00fcrde ich demselben gerne mitteilen. Auf den vorliegenden Plan wurde ich gef\u00fchrt durch Nachdenken dar\u00fcber, wie die von der Molekulartheorie der W\u00e4rme geforderten, der Brownschen Bewegung analogen spontanen Ladungen von Leitern konstatiert und gemessen werden k\u00f6nnten. Auch dieses Problem hoffe ich mit dem geschilderten Plane seiner L\u00f6sung um einen Schritt n\u00e4her gebracht zu haben.\u201c)<\/em><\/p>\n\n\n\n<p>Already in 1907 Einstein discussed his ideas with the brothers Conrad (1876-1958) and Paul Habicht (1884-1948) who only after a few weeks built a first, however still deficient prototype together with their mechanic. In August 1907 he wrote to Bern in a letter to the brothers: <span class=\"has-inline-color has-vivid-cyan-blue-color\">&#8220;Dear Habichte! I am utterly amazed about the immense speed with which you built the Maschinchen. I will visit you on Sunday. \u2026&#8221;<\/span> In the following years they spent much time with the construction and assembly of the Maschinchen. Successes and failures constantly changed. This is was Paul Habicht wrote to Einstein in October 1908: <span class=\"has-inline-color has-vivid-cyan-blue-color\">&#8220;\u2026 Your Maschinchen is finished, however, when switching to self-excitation I am not able to bring about any spark. So there must be something wrong. \u2026 Maybe the sealing wax is not insulating or covered with a conducting layer. Well, we will see. \u2026&#8221;<\/span> In a letter dated April 1909 Einstein reported to Conrad Habicht positive results of his examinations: <span class=\"has-inline-color has-vivid-cyan-blue-color\">&#8220;\u2026 Until Saturday I will have an electroscope which allows an estimation of 1 volt. The Maschinchen transmits 2* 10<sup>5<\/sup> times. \u2026&#8221;<\/span> Five months later, in September 1909, he asked Conrad in a letter: <span class=\"has-inline-color has-vivid-cyan-blue-color\">&#8220;\u2026 How is the Maschinchen? Where do the mistakes begin?&#8221;<\/span> and in December 1909 he writes in a letter to Conrad: <span class=\"has-inline-color has-vivid-cyan-blue-color\">&#8220;\u2026 Paul does good work assembling the Maschinchen. \u2026&#8221;<\/span> In March 1910 he writes to Conrad: <span class=\"has-inline-color has-vivid-cyan-blue-color\">&#8220;\u2026 You have now improved the Maschinchen to a high degree; I hope you will be successful with it. \u2026&#8221;<\/span><\/p>\n\n\n\n<p>In connection with the development of the Maschinchen Einstein among other things also had contact to the physicists Joseph Kowalski (1866-1927) and Albert Gockel (1860-1927), both of the University of Fribourg in Switzerland. He also had contact to Edouard Guillaume (1881-1959) who at that time was working at the Bern patent office as technical expert second class.<\/p>\n\n\n\n<div style=\"height:10px\" aria-hidden=\"true\" class=\"wp-block-spacer\"><\/div>\n\n\n<div class=\"wp-block-image\">\n<figure class=\"aligncenter size-large is-resized\"><img decoding=\"async\" src=\"https:\/\/einstein-website.de\/en\/wp-content\/uploads\/sites\/3\/2021\/12\/pot_multi_habicht_1_small1.jpg\" alt=\"\" class=\"wp-image-407\" width=\"300\" srcset=\"https:\/\/einstein-website.de\/en\/wp-content\/uploads\/sites\/2\/2021\/12\/pot_multi_habicht_1_small1.jpg 270w, https:\/\/einstein-website.de\/en\/wp-content\/uploads\/sites\/2\/2021\/12\/pot_multi_habicht_1_small1-190x300.jpg 190w\" sizes=\"(max-width: 270px) 100vw, 270px\" \/><figcaption class=\"wp-element-caption\">1 Electrostatic potential multiplier<\/figcaption><\/figure><\/div>\n\n\n<div style=\"height:10px\" aria-hidden=\"true\" class=\"wp-block-spacer\"><\/div>\n\n\n\n<p>In March 1910 Einstein and the Habicht brothers tested the Maschinchen and together wrote a technical description. For this reason Einstein wrote to Conrad on March 4: <span class=\"has-inline-color has-vivid-cyan-blue-color\">&#8220;\u2026 I herewith friendly invite you that we together make the final tests with the Maschinchen &amp; write the essay. This must be done now so that no other person does it. \u2026&#8221;<\/span> The essay which was &#8220;written&#8221; in this way was published in the Physical Journal 11 (1910) on the page 532-535 with the title &#8220;Electrostatic potential multiplier according to A. Einstein.&#8221; (&#8220;Elektrostatischer Potentialmultiplikator nach A. Einstein&#8221;). Only Conrad and Paul Habicht were named as authors.<\/p>\n\n\n\n<p>In December 1911 a prototype of the Maschinchen was successfully demonstrated by Paul Habicht to the Berlin Physical Society (later German Physical Society). Einstein was optimistic and believed in the success of the Maschinchen. Some days later he wrote to his friend, the physician Heinrich Zangger (1874-1957): <span class=\"has-inline-color has-vivid-cyan-blue-color\">&#8220;\u2026 Habicht recently held a lecture to the Berlin Physical Society with an explanation of the Maschinchen and had lots of success with it. Now he has overcome the resistance against this matter; I think that the Maschinchen will soon have replaced the sensitive quadrants &amp; filament electrometer. \u2026&#8221;<\/span> However, this should not happen.<\/p>\n\n\n\n<div style=\"height:10px\" aria-hidden=\"true\" class=\"wp-block-spacer\"><\/div>\n\n\n\n<div class=\"wp-block-columns is-layout-flex wp-container-core-columns-is-layout-3 wp-block-columns-is-layout-flex\">\n<div class=\"wp-block-column is-vertically-aligned-center is-layout-flow wp-block-column-is-layout-flow\">\n<p>In the end the electrostatic potential multiplier, Einstein\u2019s Maschinchen, did not have success. Until the 1930ies only few samples were assembled and sold in the workshop of Paul Habicht in Schaffhausen. The handling of the Maschinchen proved itself as impracticable. Physicists used other, more efficient and more powerful instruments for their purposes. One sample which was bought by the German physicist Friedrich Paschen (1865-1947) around 1920 can be seen today in the Physical Institute of the University of T\u00fcbingen.<\/p>\n<\/div>\n\n\n\n<div class=\"wp-block-column is-layout-flow wp-block-column-is-layout-flow\"><div class=\"wp-block-image\">\n<figure class=\"aligncenter size-large\"><img loading=\"lazy\" decoding=\"async\" width=\"270\" height=\"184\" src=\"https:\/\/einstein-website.de\/en\/wp-content\/uploads\/sites\/3\/2021\/12\/pot_multi_habicht_2_small.jpg\" alt=\"\" class=\"wp-image-408\"\/><figcaption class=\"wp-element-caption\">2 Name plate of the electrostatic potential multiplier<\/figcaption><\/figure><\/div><\/div>\n<\/div>\n\n\n\n<div style=\"height:10px\" aria-hidden=\"true\" class=\"wp-block-spacer\"><\/div>\n\n\n\n<p><strong><span style=\"text-decoration: underline\">Illustrations Credits:<\/span><\/strong><br>Dr. Torsten Hehl, T\u00fcbingen: 1, 2<\/p>\n\n\n\n<div style=\"height:10px\" aria-hidden=\"true\" class=\"wp-block-spacer\"><\/div>\n\n\n\n<p><strong><span style=\"text-decoration: underline\">Bibliography:<\/span><\/strong><\/p>\n\n\n\n<figure class=\"wp-block-table alignleft is-style-regular keinbalken\" id=\"table5\"><table class=\"has-fixed-layout\"><tbody><tr><td>Albert Einstein<\/td><td><em><strong>Eine neue elektrostatische Methode zur Messung kleinster Elektrizit\u00e4tsmengen<\/strong><br><\/em>Physikalischen Zeitschrift 7 (1908) Seite 216-217<\/td><td>1908<\/td><\/tr><tr><td>Conrad Habicht, Paul Habicht<\/td><td><em><strong>Elektrostatischer Potentialmultiplikator nach A. Einstein<br><\/strong><\/em>Physikalische Zeitschrift 11 (1910), Seite 532-535<\/td><td>1910<\/td><\/tr><tr><td>Ann M. Hentschel, Gerd Gra\u00dfhoff<\/td><td><strong><em>Albert Einstein &#8220;Jene gl\u00fccklichen Berner Jahre&#8221;<\/em><\/strong><\/td><td>Bern 2005<\/td><\/tr><tr><td>Hrsg. John Stachel, a.o.<\/td><td><strong><em>The Collected Papers of Albert Einstein, Volume 2<\/em><\/strong><\/td><td>Princeton 1989<\/td><\/tr><tr><td>Hrsg. Martin J. Klein, a.o.<\/td><td><strong><em>The Collected Papers of Albert Einstein, Volume 5<\/em><\/strong><\/td><td>Princeton 1993<\/td><\/tr><tr><td>J\u00f3zsef Illy<\/td><td><em><strong>The Practical Einstein: <\/strong><strong>Experiments, Patents, Inventions<\/strong><\/em><\/td><td>Baltimore 2012<\/td><\/tr><tr><td>Friedemann Rex<\/td><td><em><strong>Einsteins Maschinchen<\/strong><\/em><\/td><td>T\u00fcbingen<\/td><\/tr><\/tbody><\/table><\/figure>\n","protected":false},"excerpt":{"rendered":"<p>&#8220;I herewith friendly invite you that we together make the final tests with the Maschinchen &amp; write the essay.&#8221; Albert Einstein in a letter to Conrad Habicht, March 4, 1910 The &#8220;MASCHINCHEN&#8221; Already in his youth Einstein developed interest in technical tasks and their solutions. This was probably owed to his father (Hermann Einstein, 1847-1902) [&hellip;]<\/p>\n","protected":false},"author":2,"featured_media":0,"parent":0,"menu_order":0,"comment_status":"closed","ping_status":"closed","template":"","meta":{"footnotes":""},"class_list":["post-77","page","type-page","status-publish","hentry"],"_links":{"self":[{"href":"https:\/\/einstein-website.de\/en\/wp-json\/wp\/v2\/pages\/77"}],"collection":[{"href":"https:\/\/einstein-website.de\/en\/wp-json\/wp\/v2\/pages"}],"about":[{"href":"https:\/\/einstein-website.de\/en\/wp-json\/wp\/v2\/types\/page"}],"author":[{"embeddable":true,"href":"https:\/\/einstein-website.de\/en\/wp-json\/wp\/v2\/users\/2"}],"replies":[{"embeddable":true,"href":"https:\/\/einstein-website.de\/en\/wp-json\/wp\/v2\/comments?post=77"}],"version-history":[{"count":1,"href":"https:\/\/einstein-website.de\/en\/wp-json\/wp\/v2\/pages\/77\/revisions"}],"predecessor-version":[{"id":2532,"href":"https:\/\/einstein-website.de\/en\/wp-json\/wp\/v2\/pages\/77\/revisions\/2532"}],"wp:attachment":[{"href":"https:\/\/einstein-website.de\/en\/wp-json\/wp\/v2\/media?parent=77"}],"curies":[{"name":"wp","href":"https:\/\/api.w.org\/{rel}","templated":true}]}}