{"id":651,"date":"2021-12-19T13:56:58","date_gmt":"2021-12-19T12:56:58","guid":{"rendered":"http:\/\/testik.de\/einstein-website.de\/en\/?page_id=651"},"modified":"2023-02-26T08:09:02","modified_gmt":"2023-02-26T07:09:02","slug":"lmperial-german-academy-of-natural-scientists-in-halle-leopoldina","status":"publish","type":"page","link":"https:\/\/einstein-website.de\/en\/lmperial-german-academy-of-natural-scientists-in-halle-leopoldina\/","title":{"rendered":"lmperial German Academy of Natural Scientists in Halle, Leopoldina"},"content":{"rendered":"\n<div class=\"wp-block-columns is-layout-flex wp-container-core-columns-is-layout-1 wp-block-columns-is-layout-flex\">\n<div class=\"wp-block-column is-layout-flow wp-block-column-is-layout-flow\" style=\"flex-basis:9%\"><div class=\"wp-block-image\">\n<figure class=\"alignleft size-large\"><img loading=\"lazy\" decoding=\"async\" width=\"56\" height=\"56\" src=\"https:\/\/einstein-website.de\/en\/wp-content\/uploads\/sites\/3\/2021\/12\/ic_hd_information.png\" alt=\"\" class=\"wp-image-778\"\/><\/figure><\/div><\/div>\n\n\n\n<div class=\"wp-block-column is-layout-flow wp-block-column-is-layout-flow\" style=\"flex-basis:80%\">\n<p>Information<\/p>\n<\/div>\n\n\n\n<div class=\"wp-block-column is-layout-flow wp-block-column-is-layout-flow\" style=\"flex-basis:11%\"><a href=\"https:\/\/einstein-website.de\/\" title=\"DEUTSCH\"><img decoding=\"async\" src=\"https:\/\/einstein-website.de\/en\/wp-content\/plugins\/multisite-language-switcher\/flags\/de.png\" alt=\"de_DE\"\/> DEUTSCH<\/a><\/div>\n<\/div>\n\n\n\n<blockquote class=\"wp-block-quote is-layout-flow wp-block-quote-is-layout-flow\">\n<p>&#8220;Es gereicht mir zur ganz besonderen Freude, Ihnen mitteilen zu d\u00fcrfen, da\u00df Sie in der gestrigen Sitzung der halleschen Mitglieder der Deutschen Akademie der Naturforscher, im Gedenken an den 100. Todestag von Wolfgang von Goethe, der Mitglied unserer Akademie war, zum Mitglied ernannt worden sind, im Gedenken an Ihre, eine neue Zeit auf dem Gebiete physikalischer Forschungen und Denkweise bestimmenden, grundlegenden Arbeiten. Ich bitte um Mitteilung, ob Sie die Wahl annehmen.\u201c<\/p>\n<\/blockquote>\n\n\n\n<p class=\"has-text-align-right\">Emil Abderhalden (1877-1950) an Albert Einstein, 12. M\u00e4rz 1932<\/p>\n\n\n\n<blockquote class=\"wp-block-quote is-layout-flow wp-block-quote-is-layout-flow\">\n<p>&#8220;I am very happy to be able to let you know that you have been nominated as member in the yesterday meeting of the Halle members of the German Academy of Natural Scientists, in memoriam of the 100th day of death of Wolfgang von Goethe, who was a member of our academy, in memoriam of your basic works which bring about a new time in the area of physical research and thinking. Please let me know whether you accept the nomination.\u201c<\/p>\n<\/blockquote>\n\n\n\n<p class=\"has-text-align-right\">Emil Abderhalden (1877-1950) to Albert Einstein, March 12, 1932<\/p>\n\n\n\n<div style=\"height:30px\" aria-hidden=\"true\" class=\"wp-block-spacer\"><\/div>\n\n\n\n<h2 class=\"wp-block-heading\">EINSTEIN AND THE IMPERIAL GERMAN ACADEMY OF NATURAL SCIENTISTS IN HALLE, LEOPOLDINA<\/h2>\n\n\n\n<div style=\"height:10px\" aria-hidden=\"true\" class=\"wp-block-spacer\"><\/div>\n\n\n\n<p><strong>A short history of the Academy<\/strong><\/p>\n\n\n\n<p>On January 1, 1652 the <em>German Academy of Natural Scientists Leopoldina<\/em> was founded as scientific-medical society in Schweinfurt. The founding members of this private society were the physicians <strong>Johann Laurentius Bausch<\/strong> (1605-1665), <strong>Johann Michael Fehr<\/strong> (1610-1688), <strong>Georg Balthasar Metzger<\/strong> (1623-1687) and <strong>Georg Balthasar Wohlfarth<\/strong> (1607-1674). First President was J. L. Bausch. The society was founded to deepen scientific knowledge as well as to improve the communication among natural scientists, especially among physicians. Starting in 1670 the Academy published the first natural scientific-medical journal of the world. In 1677 <strong>Emperor Leopold I<\/strong> (1640-1705) recognized the Academy officially and ten years later it was awarded the privileges of a &#8220;State Academy&#8221;. The name of the Academy can also be traced back to Leopold I. From 1687 it was allowed to call itself <em>&#8220;Sacri Romani Imperii Academia Caesareo-Leopoldina Naturae Curiosorum&#8221;<\/em>, short Leopoldina. In the course of many years the seat of the Academy changed again and again. This change of location had its reason in the statutes of the Academy. They said that the location should be the residence of the respective President. From 1878 Halle on the river Saale was the permanent seat of the Academy. The back then President was the physicist <strong>Carl Hermann Knoblauch<\/strong> (1820-1895). In July 2008 the Leopoldina was appointed National Academy of Sciences.<\/p>\n\n\n\n<p>Today the Leopoldina is the oldest still existing scientific-medical research institute in the world. It &#8220;sees its most important tasks in the promotion of science, maintenance of the interdisciplinary communication and the propagation of scientific knowledge as well as in the consultancy of the society and politics in current questions of science and science policy.&#8221; This &#8220;among other things through the organization of scientific events, publication of the worked-out results, maintenance of a scientific archive and library, award of honours and prices, among other things for the promotion of young scientists.&#8221;<\/p>\n\n\n\n<p>The members of the Academy are scientists from all over the world with a President in the lead. For natural scientists it is one of the highest honours to be elected in the <em>German Academy of Natural Scientists, the Leopoldina<\/em>. Those persons are elected by the Chair, which may expand for this purpose according to an election procedure which has to be decided by the Senate. Each person that is elected into the Academy has to provide a short autobiography with a portrait as well as a list with the scientific publications. A register file is opened for each elected member. After the election is approved of the new member of the Academy is entered into the registration book of the Academy. The respective portrait is integrated into the inventory of the comprehensive picture collection of the archive. All new members are registered as full members.<\/p>\n\n\n\n<p>Many reputable and important scientists, among them numerous Nobel laureates, were\/are members of the Academy, for example Ernst Abb\u00e9, Niels Bohr, Carl Bosch, Marie Curie, Paul Dirac, Enrico Fermi, Walther Gerlach, Johann Wolfgang von Goethe, Fritz Haber, Ernst Haeckel, Otto Hahn, Werner Heisenberg, Gustav Hertz, Alexander von Humboldt, Max von Laue, Konrad Lorenz, Lise Meitner, Robert Millikan, Fridtjof Nansen, Linus Pauling, Max Planck, Lord Ernest Rutherford, Werner von Siemens, Viktor Weisskopf and Albert Einstein.<\/p>\n\n\n\n<div style=\"height:10px\" aria-hidden=\"true\" class=\"wp-block-spacer\"><\/div>\n\n\n\n<p class=\"has-text-align-right\"><a href=\"https:\/\/www.leopoldina.org\/en\/leopoldina-home\/\" target=\"_blank\" rel=\"noreferrer noopener\">Deutsche Akademie der Naturforscher Leopoldina (German Academy of Natural Scientists Leopoldina)<\/a><\/p>\n\n\n\n<div style=\"height:15px\" aria-hidden=\"true\" class=\"wp-block-spacer\"><\/div>\n\n\n\n<hr class=\"wp-block-separator has-css-opacity\"\/>\n\n\n\n<div style=\"height:10px\" aria-hidden=\"true\" class=\"wp-block-spacer\"><\/div>\n\n\n\n<p><strong>Albert Einstein and the Imperial German Academy of Natural Scientists in Halle, Leopoldina<\/strong><\/p>\n\n\n\n<p>On March 17, 1932 Albert Einstein was admitted to the Imperial German Academy of Natural Scientists in Halle. This was done on proposal of a member of the Chair of the Academy, the experimental physicist <strong>Gerhard Hoffmann<\/strong> (1880-1945) who justified this with Einstein\u2018s scientific performances, his memberships in other academies, the received honours as well as the Nobel Prize.<\/p>\n\n\n\n<p>Already in 1926 Einstein and Max von Laue, Otto Hahn and Lise Meitner were mentioned on the proposal list for new members. The three last named persons and others were admitted, however, not Albert Einstein. In the documents which are still available today we cannot find any obvious reason for this. That he was overlooked was surely no incident. However, antisemitism alone cannot have been the reason, because in addition to Lise Meitner more scientists with a Jewish background were admitted in 1926. But maybe it was Einstein\u2018s public performance against militarism and chauvinism, which was not wished-for by a conservatively influenced Chair with the geologist and paleontologist <strong>Johannes Walther<\/strong> (1860-1937) in the lead. It is also possible that political considerations played a role because there were many opponents of Einstein\u2018s Theories of Relativity.<\/p>\n\n\n\n<p>In 1932 Johannes Walther was replaced as President of the Academy by the Swiss physiologist and biochemist <strong>Emil Abderhalden<\/strong> (1877-1950), who reorganized the Academy from scratch. His role in the &#8220;Third Reich&#8221; is not clear. Abderhalden supported the proposal of Hoffmann to admit Einstein to the Academy. However, he was aware of the embarrassment to now beg Albert Einstein who had been rejected by the Academy in 1926 to accept his nomination. In his letter dated March 12, 1932 he wrote:<\/p>\n\n\n\n<p><mark style=\"background-color:rgba(0, 0, 0, 0)\" class=\"has-inline-color has-vivid-cyan-blue-color\">&#8220;\u2026 Es gereicht mir zur ganz besonderen Freude, Ihnen mitteilen zu d\u00fcrfen, da\u00df Sie in der gestrigen Sitzung der halleschen Mitglieder der Deutschen Akademie der Naturforscher, im Gedenken an den 100. Todestag von Wolfgang von Goethe, der Mitglied unserer Akademie war, zum Mitglied ernannt worden sind, im Gedenken an Ihre, eine neue Zeit auf dem Gebiete physikalischer Forschungen und Denkweise bestimmenden, grundlegenden Arbeiten. Ich bitte um Mitteilung, ob Sie die Wahl annehmen.\u201c<\/mark><\/p>\n\n\n\n<p>Translation:<\/p>\n\n\n\n<p><mark style=\"background-color:rgba(0, 0, 0, 0)\" class=\"has-inline-color has-vivid-cyan-blue-color\">&#8220;\u2026 I am very happy to be able to let you know that you have been nominated as member in the yesterday meeting of the Halle members of the German Academy of Natural Scientists, in memoriam of the 100th day of death of Wolfgang von Goethe, who was a member of our academy, in memoriam of your basic works which bring about a new time in the area of physical research and thinking. Please let me know whether you accept the nomination.\u201c<\/mark><\/p>\n\n\n\n<div style=\"height:10px\" aria-hidden=\"true\" class=\"wp-block-spacer\"><\/div>\n\n\n\n<div class=\"wp-block-columns is-layout-flex wp-container-core-columns-is-layout-2 wp-block-columns-is-layout-flex\">\n<div class=\"wp-block-column is-vertically-aligned-center is-layout-flow wp-block-column-is-layout-flow\" style=\"flex-basis:66.66%\">\n<figure class=\"wp-block-image size-large\"><img loading=\"lazy\" decoding=\"async\" width=\"495\" height=\"302\" src=\"https:\/\/einstein-website.de\/en\/wp-content\/uploads\/sites\/3\/2021\/12\/Ausschnitt_Selbstbio_1932_g.jpg\" alt=\"\" class=\"wp-image-742\" srcset=\"https:\/\/einstein-website.de\/en\/wp-content\/uploads\/sites\/2\/2021\/12\/Ausschnitt_Selbstbio_1932_g.jpg 495w, https:\/\/einstein-website.de\/en\/wp-content\/uploads\/sites\/2\/2021\/12\/Ausschnitt_Selbstbio_1932_g-300x183.jpg 300w\" sizes=\"(max-width: 495px) 100vw, 495px\" \/><figcaption class=\"wp-element-caption\">1 Questionnaire which Albert Einstein filled in by hand (excerpt)<br>on the occasion of his admission to Academy, 1932<br>Leopoldina &#8211; Archive, Inventory M 1 registration, 3879<\/figcaption><\/figure>\n\n\n\n<div style=\"height:20px\" aria-hidden=\"true\" class=\"wp-block-spacer\"><\/div>\n\n\n\n<p><strong>Download:<\/strong><\/p>\n\n\n\n<div class=\"wp-block-file\"><a id=\"wp-block-file--media-22ee5ca2-48a0-4012-84d7-3f3ede8167d3\" href=\"https:\/\/einstein-website.de\/en\/wp-content\/uploads\/sites\/3\/2022\/04\/Leopoldina_Fragebogen_1932_E_22_04.pdf\" target=\"_blank\" rel=\"noreferrer noopener\">Transcription of Einstein&#8217;s questionnaire, 1932<\/a><\/div>\n\n\n\n<p><\/p>\n<\/div>\n\n\n\n<div class=\"wp-block-column is-vertically-aligned-top is-layout-flow wp-block-column-is-layout-flow\" style=\"flex-basis:33.33%\">\n<p>After Einstein had accepted the nomination (unfortunately the written acceptance of Einstein is lost) he was asked by Abderhalden to provide an autobiography and a portrait, as this was usual when entering the Academy. Einstein did this willingly. The autobiography and the answer to the questions were handwritten by him. Einstein was given the registration number 3879.<\/p>\n\n\n\n<p>Einstein\u2018s registration file is probably lost, however, the questionnaire which Einstein filled in by hand with data concerning his curriculum vitae and his scientific work can today be found in the archive of the Leopoldina.<\/p>\n<\/div>\n<\/div>\n\n\n\n<p>Einstein\u2018s membership in the Imperial German Academy of Natural Scientists in Halle, Leopoldina, should not last long.<\/p>\n\n\n\n<p>Albert Einstein who had been a full member of the Berlin Academy since 1914 and corresponding member of the Bavarian Academy since 1927 had publicly expressed his opinion concerning the political development in Germany at the time of the takeover and had left the Berlin Academy. When the Chair of the Bavarian Academy subsequently asked him for a personal explanation Einstein responded on April 21, 1933 from the Belgian holiday resort Le Coq-sur-Mer, that the reasons for his retirement from the Prussian Academy would not &#8220;in and of itself&#8221; require a disengagement of his relationships to the Bavarian Academy. However, he wished to be cancelled from the members\u2018 list. In the letter to the Bavarian Academy of Sciences Einstein writes:<\/p>\n\n\n\n<p><mark style=\"background-color:rgba(0, 0, 0, 0)\" class=\"has-inline-color has-vivid-cyan-blue-color\">&#8220;\u2026 Wenn ich trotzdem w\u00fcnsche, da\u00df mein Name aus der Liste der Mitglieder gestrichen wird, so hat dies einen anderen Grund: Akademien haben in erster Linie die Aufgabe, das wissenschaftliche Leben eines Landes zu f\u00f6rdern und zu sch\u00fctzen. Die deutschen gelehrten Gesellschaften haben aber &#8211; soviel mir bekannt ist &#8211; es schweigend hingenommen, da\u00df ein nicht unerheblicher Teil der deutschen Gelehrten und Studenten sowie der auf Grund einer akademischen Ausbildung Berufst\u00e4tigen ihrer Arbeitsm\u00f6glichkeit und ihres Lebensunterhaltes in Deutschland beraubt wird. Einer Gesellschaft, die &#8211; wenn auch unter \u00e4u\u00dferem Druck &#8211; eine solche Haltung einnimmt, m\u00f6chte ich nicht angeh\u00f6ren.&#8221;<\/mark><\/p>\n\n\n\n<p>Translation:<\/p>\n\n\n\n<p><mark style=\"background-color:rgba(0, 0, 0, 0)\" class=\"has-inline-color has-vivid-cyan-blue-color\">&#8220;\u2026 If I nevertheless wish to have my name cancelled from the members\u2018 list, this has another reason: Academies first of all have the task to promote and to protect the scientific life of a country. However, the German scientific societies have \u2013 as far as I know \u2013 accepted without saying, that an important part of the German scientists and students as well as the people who are working due to an academic education are deprived of their possibilities to work and to earn their living in Germany. I do not want to be a member of a society which \u2013 however, under pressure from the outside \u2013 takes such a stance.&#8221;<\/mark><\/p>\n\n\n\n<div style=\"height:10px\" aria-hidden=\"true\" class=\"wp-block-spacer\"><\/div>\n\n\n\n<div class=\"wp-block-columns is-layout-flex wp-container-core-columns-is-layout-3 wp-block-columns-is-layout-flex\">\n<div class=\"wp-block-column is-vertically-aligned-center is-layout-flow wp-block-column-is-layout-flow\" style=\"flex-basis:33.33%\"><div class=\"wp-block-image\">\n<figure class=\"aligncenter size-large\"><img loading=\"lazy\" decoding=\"async\" width=\"194\" height=\"285\" src=\"https:\/\/einstein-website.de\/en\/wp-content\/uploads\/sites\/3\/2021\/12\/DeutschePhysik_Bd2_k-2.jpg\" alt=\"\" class=\"wp-image-744\"\/><figcaption class=\"wp-element-caption\">2 Cover, volume 2<br>&#8220;Deutsche Physik&#8221;, Philipp Lenard<\/figcaption><\/figure><\/div><\/div>\n\n\n\n<div class=\"wp-block-column is-layout-flow wp-block-column-is-layout-flow\" style=\"flex-basis:66.66%\">\n<p>Also the scientist society Leopoldina in Halle a. d. Saale had excluded Einstein already in the beginning of the year 1933. However, they had not told Einstein! Why Einstein was cancelled from the members\u2018 list remains a mystery. The public presence of Einstein, his Jewish background as well as the influence of the opponents of Einstein\u2018s theories of relativity, the representatives of the &#8220;German Physics&#8221;, may have been reasons for the cancellation. In the registration book only the handwritten pencil entry &#8220;cancelled&#8221; can be found under the registration number 3879. In the members\u2019 list of 1933 Einstein\u2018s name cannot be found. We do not know who told Einstein about the cancellation from the members\u2018 list of the Leopoldina; maybe it was his friend Max von Laue. However, the brochures of the Academy were still sent to Einstein. When the Academy tried to contact Einstein again after the end of World War II he was already living and working in the USA and &#8216;did not want to have anything to do with Germans, also not with a relatively harmless Academy&#8217;.<\/p>\n\n\n\n<p>In March 1954 Einstein received a congratulation letter from the Leopoldina on the occasion of his 75th birthday which he celebrated in Princeton. He answered with a printed and signed thank-you card.<\/p>\n\n\n\n<p>In the printed members\u2018 list of 1955 we find Einstein\u2019s name again, here on the list of the deceased members. Einstein had died in Princeton on April 18, 1955.<\/p>\n<\/div>\n<\/div>\n\n\n\n<div style=\"height:10px\" aria-hidden=\"true\" class=\"wp-block-spacer\"><\/div>\n\n\n\n<p><strong><span style=\"text-decoration: underline\">Illustration credits:<\/span><\/strong><br>Courtesy of the Deutschen Akademie der Naturforscher Leopoldina: 1<br>Archive of the author, Hans-Josef K\u00fcpper, Cologne: 2<\/p>\n\n\n\n<p><strong><span style=\"text-decoration: underline\">Bibliography:<\/span><\/strong><\/p>\n\n\n\n<figure class=\"wp-block-table alignleft is-style-regular keinbalken\" id=\"table4\"><table class=\"has-fixed-layout\"><tbody><tr><td>Deutsche Akademie <br>der Naturforscher Leopoldina<\/td><td><strong>Festgabe zur Jahresversammlung 1979\/80 RAUM UND ZEIT<\/strong><br>ACTA HISTORICA LEOPOLDINA, Nr. 14<\/td><td>Halle\/Saale 1980<\/td><\/tr><tr><td>Karsten Jedlitschka<\/td><td><strong>Das Archiv der Deutschen Akademie der Naturforscher Leopoldina<\/strong><br>ACTA HISTORICA LEOPOLDINA, Supplement 4<\/td><td>Halle\/Saale 2007<\/td><\/tr><tr><td>Sybille Gerstengarbe, Benno Parthier<\/td><td><strong>Albert Einstein &#8211; Akademiemitglied in der Leopoldina<\/strong><br>scientia halensis 3\/2005<\/td><td>2005<\/td><\/tr><\/tbody><\/table><\/figure>\n","protected":false},"excerpt":{"rendered":"<p>&#8220;Es gereicht mir zur ganz besonderen Freude, Ihnen mitteilen zu d\u00fcrfen, da\u00df Sie in der gestrigen Sitzung der halleschen Mitglieder der Deutschen Akademie der Naturforscher, im Gedenken an den 100. Todestag von Wolfgang von Goethe, der Mitglied unserer Akademie war, zum Mitglied ernannt worden sind, im Gedenken an Ihre, eine neue Zeit auf dem Gebiete [&hellip;]<\/p>\n","protected":false},"author":2,"featured_media":0,"parent":0,"menu_order":0,"comment_status":"closed","ping_status":"closed","template":"","meta":{"footnotes":""},"class_list":["post-651","page","type-page","status-publish","hentry"],"_links":{"self":[{"href":"https:\/\/einstein-website.de\/en\/wp-json\/wp\/v2\/pages\/651"}],"collection":[{"href":"https:\/\/einstein-website.de\/en\/wp-json\/wp\/v2\/pages"}],"about":[{"href":"https:\/\/einstein-website.de\/en\/wp-json\/wp\/v2\/types\/page"}],"author":[{"embeddable":true,"href":"https:\/\/einstein-website.de\/en\/wp-json\/wp\/v2\/users\/2"}],"replies":[{"embeddable":true,"href":"https:\/\/einstein-website.de\/en\/wp-json\/wp\/v2\/comments?post=651"}],"version-history":[{"count":2,"href":"https:\/\/einstein-website.de\/en\/wp-json\/wp\/v2\/pages\/651\/revisions"}],"predecessor-version":[{"id":2558,"href":"https:\/\/einstein-website.de\/en\/wp-json\/wp\/v2\/pages\/651\/revisions\/2558"}],"wp:attachment":[{"href":"https:\/\/einstein-website.de\/en\/wp-json\/wp\/v2\/media?parent=651"}],"curies":[{"name":"wp","href":"https:\/\/api.w.org\/{rel}","templated":true}]}}