{"id":641,"date":"2021-12-19T13:56:38","date_gmt":"2021-12-19T12:56:38","guid":{"rendered":"http:\/\/testik.de\/einstein-website.de\/en\/?page_id=641"},"modified":"2023-02-26T08:02:09","modified_gmt":"2023-02-26T07:02:09","slug":"bavarian-academy-of-sciences","status":"publish","type":"page","link":"https:\/\/einstein-website.de\/en\/bavarian-academy-of-sciences\/","title":{"rendered":"Bavarian Academy of Sciences"},"content":{"rendered":"\n<div class=\"wp-block-columns is-layout-flex wp-container-core-columns-is-layout-1 wp-block-columns-is-layout-flex\">\n<div class=\"wp-block-column is-layout-flow wp-block-column-is-layout-flow\" style=\"flex-basis:9%\"><div class=\"wp-block-image\">\n<figure class=\"alignleft size-large\"><img loading=\"lazy\" decoding=\"async\" width=\"56\" height=\"56\" src=\"https:\/\/einstein-website.de\/en\/wp-content\/uploads\/sites\/3\/2021\/12\/ic_hd_information.png\" alt=\"\" class=\"wp-image-778\"\/><\/figure><\/div><\/div>\n\n\n\n<div class=\"wp-block-column is-layout-flow wp-block-column-is-layout-flow\" style=\"flex-basis:80%\">\n<p>Information<\/p>\n<\/div>\n\n\n\n<div class=\"wp-block-column is-layout-flow wp-block-column-is-layout-flow\" style=\"flex-basis:11%\"><a href=\"https:\/\/einstein-website.de\/\" title=\"DEUTSCH\"><img decoding=\"async\" src=\"https:\/\/einstein-website.de\/en\/wp-content\/plugins\/multisite-language-switcher\/flags\/de.png\" alt=\"de_DE\"\/> DEUTSCH<\/a><\/div>\n<\/div>\n\n\n\n<blockquote class=\"wp-block-quote is-layout-flow wp-block-quote-is-layout-flow\">\n<p>&#8220;Er ist nicht nur der ber\u00fchmteste, sondern auch der tiefste Denker auf naturphilosophischem<br>Gebiet seit Helmholtz und hat in den letzten 10 Jahren dem Ansehen der deutschen<br>Wissenschaft mehr gen\u00fctzt, als irgendein anderer.&#8221;<\/p>\n<\/blockquote>\n\n\n\n<p class=\"has-text-align-right\">aus dem Wahlvorschlag f\u00fcr Einstein zum korrespondierenden Mitglied der Bayerischen Akademie der Wissenschaften,<\/p>\n\n\n\n<p class=\"has-text-align-right\">4. Februar 1927<\/p>\n\n\n\n<blockquote class=\"wp-block-quote is-layout-flow wp-block-quote-is-layout-flow\">\n<p>&#8220;He is not only the most famous but also the deepest thinker in the area of natural philosophy<br>since Helmholtz and has in the last 10 years been of more use for the reputation of German<br>science than anyone else.&#8221;<\/p>\n<\/blockquote>\n\n\n\n<p class=\"has-text-align-right\">from the nomination proposal for Einstein as corresponding member of the Bavarian Academy of Sciences,<br>February 4, 1927<\/p>\n\n\n\n<div style=\"height:30px\" aria-hidden=\"true\" class=\"wp-block-spacer\"><\/div>\n\n\n\n<h2 class=\"wp-block-heading\">EINSTEIN AND THE BAVARIAN ACADEMY OF SCIENCES<\/h2>\n\n\n\n<div style=\"height:10px\" aria-hidden=\"true\" class=\"wp-block-spacer\"><\/div>\n\n\n\n<p><strong>A short history of the Academy<\/strong><\/p>\n\n\n\n<p>The Bavarian Academy of Sciences was founded by Elector Maximilian III Joseph in 1759. The heraldic motto of the Academy is &#8220;Tendit ad Aequum&#8221; &#8211; &#8220;It strives for the Adequate&#8221;. Foundation President was Graf Sigmund von und zu Haimhausen. The foundation is first of all owed to <strong>Privy Councilor Johann Georg Lori<\/strong> (1723-1787) who had founded the <em>Bavarian Scientists\u2018 Society<\/em> in 1758. In the beginning the Academy was divided in two classes, a historical class and a philosophical class, whereas philosophy in the back then scientific understanding also comprised mathematics and physics.<\/p>\n\n\n\n<p>The Academy was accommodated in the Wilhelminum since 1783, which is the previous main building of the Jesuit Order in Neuhauser Stra\u00dfe in Munich. In April 1944 the Wilhelminum was destroyed by the bombs of World War II. However, the Free State of Bavaria has created a new and worthy domicile for the Academy in the north-eastern wing of the Munich residence which could be moved into in the anniversary year 1959.<\/p>\n\n\n\n<p>The Academy has full and corresponding members as well as honorary members. Right from the beginning the Academy selected its members without considering the religion and nationality. In this process the members were\/are elected as members following the proposal of a full member. It is not possible to apply for a membership. At first the election took place in the corresponding class and then once again in the plenum, i.e. by both classes in joint session. Only full members are entitled to vote. Only persons are elected who have contributed to a \u201csubstantial expansion of the knowledge base\u201d of their subject area. New members are elected once a year.<\/p>\n\n\n\n<p>The number of full members who must have their residence within the Free State of Bavaria is limited to 45, the number of the corresponding members is limited to 80 in each class. In case of the limitation full members who are older than 70 years of age are excluded, so that there are approx. 120 full members as a rule. If a full member moves its residence in another federal state or abroad, it automatically receives the status of a corresponding member.<\/p>\n\n\n\n<p>The Bavarian Academy can look back at a long tradition. Many famous and important scientists were members of the Academy, among them Johann Wolfgang von Goethe, the brothers Jacob and Wilhelm Grimm, Justus von Liebig, Theodor Mommsen, Alexander and Wilhelm von Humboldt, Kurt Sethe, Max Planck, Otto Hahn, Albert Einstein, Max Weber, Arnold Sommerfeld, Alfred Pringsheim, Werner Heisenberg and Adolf Butenandt, to just name a few. Among them are many Nobel laureates.<\/p>\n\n\n\n<div style=\"height:10px\" aria-hidden=\"true\" class=\"wp-block-spacer\"><\/div>\n\n\n\n<p class=\"has-text-align-right\"><a href=\"https:\/\/badw.de\/en\/the-academy.html\" target=\"_blank\" rel=\"noreferrer noopener\">Bayerische Akademie der Wissenschaften (Bavarian Academy of Sciences)<\/a><\/p>\n\n\n\n<div style=\"height:15px\" aria-hidden=\"true\" class=\"wp-block-spacer\"><\/div>\n\n\n\n<hr class=\"wp-block-separator has-css-opacity\"\/>\n\n\n\n<div style=\"height:10px\" aria-hidden=\"true\" class=\"wp-block-spacer\"><\/div>\n\n\n\n<p><strong>Albert Einstein and the Bavarian Academy of Sciences<\/strong><\/p>\n\n\n\n<p>On February 19, 1927 Albert Einstein was appointed corresponding member of the mathematical-scientific class in the plenary session of the Bavarian Academy of Sciences. The nomination of February 4, 1927 (see above) came from the German physicist <strong>Arnold Sommerfeld<\/strong> (1868-1951) and was co-signed by further seven full members of the Academy. In the pre-election in the mathematical-scientific class there were only three votes against the nomination of Einstein, other than in the decisive election in the plenary session in which on the whole eight corresponding members of the class were electable. In this election Einstein nearly failed. The necessary three-quarters majority was only barely reached. From the 42 full members who were present, ten voted against him. The reasons therefore can only be speculation. Maybe Einstein\u2018s political attitude or the antisemitism played a role.<\/p>\n\n\n\n<div style=\"height:10px\" aria-hidden=\"true\" class=\"wp-block-spacer\"><\/div>\n\n\n\n<hr class=\"wp-block-separator has-css-opacity\"\/>\n\n\n\n<div style=\"height:10px\" aria-hidden=\"true\" class=\"wp-block-spacer\"><\/div>\n\n\n\n<p>&#8220;The voice of Albert Einstein marked the beginning of the national socialist area in the Bavarian Academy of Sciences. The world-famous physicist who was a full member of the Berlin Academy since 1914 and a corresponding member of the Bavarian Academy since 1927 had publicly shared his opinion concerning the political development in Germany at the time of the takeover and had left the Berlin Academy. When the Chair of the Bavarian Academy with the legal historian <strong>Prof. Dr. Leopold Wenger<\/strong> (1874-1953) in the lead (President) asked him for a personal statement Einstein answered on April 21, 1933 from the Belgian holiday resort Le Coq-sur-Mer, that the reasons for his retirement from the Prussian Academy would not &#8220;in and of itself&#8221; require a disengagement of his relationships to the Bavarian Academy. However, he wished to be cancelled from the members\u2018 list. Also the scientists\u2018 society Leopoldina in Halle a. d. Saale had excluded Einstein already in the beginning of the year 1933.<br>When the Academy after the end of World War II again wanted to contact Einstein through the mathematician and physicist <strong>Arnold Sommerfeld<\/strong> (1868-1951), who in the meantime lived and teached in the USA, he &#8216;did not want to have anything more to do with Germans, also not with a relatively harmless academy&#8217;.\u201c<\/p>\n\n\n\n<div style=\"height:10px\" aria-hidden=\"true\" class=\"wp-block-spacer\"><\/div>\n\n\n\n<p><strong>Letter of the Bavarian Academy of Sciences to Albert Einstein:<\/strong><\/p>\n\n\n\n<p class=\"has-text-align-right\"><mark style=\"background-color:rgba(0, 0, 0, 0)\" class=\"has-inline-color has-vivid-cyan-blue-color\">&#8220;M\u00fcnchen, den 8. April 1933<\/mark><\/p>\n\n\n\n<p><mark style=\"background-color:rgba(0, 0, 0, 0)\" class=\"has-inline-color has-vivid-cyan-blue-color\">Euer Hochwohlgeboren!<\/mark><\/p>\n\n\n\n<p><mark style=\"background-color:rgba(0, 0, 0, 0)\" class=\"has-inline-color has-vivid-cyan-blue-color\">Sie haben in Ihrem Schreiben an die Preu\u00dfische Akademie der Wissenschaften Ihren Austritt mit den in Deutschland gegenw\u00e4rtig herrschenden Zust\u00e4nden motiviert. Die Bayerische Akademie der Wissenschaften, die Sie vor einigen Jahren zum korrespondierenden Mitglied gew\u00e4hlt hat, ist ebenfalls eine deutsche Akademie, mit der Preu\u00dfischen und den sonstigen Akademien in enger Solidarit\u00e4t verbunden, so da\u00df Ihre Trennung von der Preu\u00dfischen Akademie der Wissenschaften nicht ohne Einflu\u00df auf Ihre Beziehungen zu unserer Akademie bleiben kann.<br>Wir m\u00fcssen Sie daher fragen, wie Sie nach dem, was zwischen Ihnen und der Preu\u00dfischen Akademie vorgegangen ist, das Verh\u00e4ltnis zu unserer auffassen?<\/mark><\/p>\n\n\n\n<p class=\"has-text-align-right\"><mark style=\"background-color:rgba(0, 0, 0, 0)\" class=\"has-inline-color has-vivid-cyan-blue-color\">Das Pr\u00e4sidium der Bayerischen Akademie<br>der Wissenschaften&#8221;<\/mark><\/p>\n\n\n\n<div style=\"height:10px\" aria-hidden=\"true\" class=\"wp-block-spacer\"><\/div>\n\n\n\n<p class=\"has-text-align-right\"><mark style=\"background-color:rgba(0, 0, 0, 0)\" class=\"has-inline-color has-vivid-cyan-blue-color\">&#8220;Munich, April 8, 1933<\/mark><\/p>\n\n\n\n<p><mark style=\"background-color:rgba(0, 0, 0, 0)\" class=\"has-inline-color has-vivid-cyan-blue-color\">Dear high-born!<\/mark><\/p>\n\n\n\n<p><mark style=\"background-color:rgba(0, 0, 0, 0)\" class=\"has-inline-color has-vivid-cyan-blue-color\">In your letter to the Prussian Academy of Sciences you have motivated your retirement with the conditions which are prevailing in Germany. The Bavarian Academy of Sciences which nominated you some years ago as corresponding member is also a German Academy, which is connected with the Prussian and other Academies in close solidarity, so that your separation of the Prussian Academy of Sciences cannot remain without consequences to your relationships to our Academy. We must therefore ask you how you understand the relationship to our Academy after what happened between you and the Prussian Academy?<\/mark><\/p>\n\n\n\n<p class=\"has-text-align-right\"><mark style=\"background-color:rgba(0, 0, 0, 0)\" class=\"has-inline-color has-vivid-cyan-blue-color\">The Chair of the Bavarian Academy<br>of Sciences&#8221;<\/mark><\/p>\n\n\n\n<div style=\"height:10px\" aria-hidden=\"true\" class=\"wp-block-spacer\"><\/div>\n\n\n\n<hr class=\"wp-block-separator has-css-opacity\"\/>\n\n\n\n<div style=\"height:10px\" aria-hidden=\"true\" class=\"wp-block-spacer\"><\/div>\n\n\n\n<p><strong>Einstein\u2018s reply:<\/strong><\/p>\n\n\n\n<p class=\"has-text-align-right\"><mark style=\"background-color:rgba(0, 0, 0, 0)\" class=\"has-inline-color has-vivid-cyan-blue-color\">&#8220;Le Coc-sur-Mer, den 21. April 1933<\/mark><\/p>\n\n\n\n<p><mark style=\"background-color:rgba(0, 0, 0, 0)\" class=\"has-inline-color has-vivid-cyan-blue-color\">Ich habe den R\u00fccktritt von meiner Stellung an der Preu\u00dfischen Akademie damit begr\u00fcndet, da\u00df ich unter den obwaltenden Umst\u00e4nden weder deutscher B\u00fcrger sein noch in einer Art Abh\u00e4ngigkeitsverh\u00e4ltnis zu dem preu\u00dfischen Unterrichtsministerium stehen wolle.<br>Diese Gr\u00fcnde w\u00fcrden an und f\u00fcr sich eine L\u00f6sung meiner Beziehungen zur Bayerischen Akademie nicht bedingen. Wenn ich trotzdem w\u00fcnsche, da\u00df mein Name aus der Liste der Mitglieder gestrichen wird, so hat dies einen anderen Grund: Akademien haben in erster Linie die Aufgabe, das wissenschaftliche Leben eines Landes zu f\u00f6rdern und zu sch\u00fctzen. Die deutschen gelehrten Gesellschaften haben aber &#8211; soviel mir bekannt ist &#8211; es schweigend hingenommen, da\u00df ein nicht unerheblicher Teil der deutschen Gelehrten und Studenten sowie der auf Grund einer akademischen Ausbildung Berufst\u00e4tigen ihrer Arbeitsm\u00f6glichkeit und ihres Lebensunterhaltes in Deutschland beraubt wird. Einer Gesellschaft, die &#8211; wenn auch unter \u00e4u\u00dferem Druck &#8211; eine solche Haltung einnimmt, m\u00f6chte ich nicht angeh\u00f6ren.&#8221;<\/mark><\/p>\n\n\n\n<div style=\"height:10px\" aria-hidden=\"true\" class=\"wp-block-spacer\"><\/div>\n\n\n\n<p class=\"has-text-align-right\"><mark style=\"background-color:rgba(0, 0, 0, 0)\" class=\"has-inline-color has-vivid-cyan-blue-color\">&#8220;Le Coc-sur-Mer, April 21, 1933<\/mark><\/p>\n\n\n\n<p><mark style=\"background-color:rgba(0, 0, 0, 0)\" class=\"has-inline-color has-vivid-cyan-blue-color\">I have justified the retirement from my position at the Prussian Academy with the fact that I do not want to be a German citizen under the prevailing circumstances and do not want to dependent from the Prussian ministry of education. These reasons would not in and of itself require a disengagement of my relationships to the Bavarian Academy. However, if I nevertheless wish to have my name cancelled from the members\u2018 list this has another reason: Academies have first of all the task to promote and to protect the scientific life of a country. However, the German scientists\u2018 societies have \u2013 as far as I know \u2013 accepted without saying that most of the German scientists and students as well as the people working due to an academic education are deprived of their working possibilities and cannot earn their living in Germany. I do not want to be a member of such a society which \u2013 however, under pressure from the outside \u2013 takes such a stance.&#8221;<\/mark><\/p>\n\n\n\n<div style=\"height:10px\" aria-hidden=\"true\" class=\"wp-block-spacer\"><\/div>\n\n\n\n<p><strong><span style=\"text-decoration: underline\">Bibliography:<\/span><\/strong><\/p>\n\n\n\n<figure class=\"wp-block-table alignleft is-style-regular keinbalken\" id=\"table4\"><table class=\"has-fixed-layout\"><tbody><tr><td>Albert Einstein<\/td><td><em><strong>Mein Weltbild<\/strong><\/em><\/td><td>Frankfurt am Main 1984<\/td><\/tr><tr><td>Hrsg. Armin Hermann<\/td><td><strong><em>Albert Einstein \/ Arnold Sommerfeld BRIEFWECHSEL<\/em><\/strong><\/td><td>Basel 1968<\/td><\/tr><tr><td>Reinhard Heydenreuter, Sylvia Krauss<\/td><td><strong><em>Helle K\u00f6pfe &#8211; Die Geschichte der<\/em><\/strong><br><strong><em>Bayerischen Akademie der Wissenschaften 1759 &#8211; 2009<\/em><\/strong><\/td><td>Munich 2009<\/td><\/tr><tr><td>Monika Stoermer<\/td><td><strong><em>Albert Einstein und die Bayerische<\/em><\/strong><em><strong> Akademie der Wissenschaften<\/strong><\/em><\/td><td>Munich 2005<\/td><\/tr><\/tbody><\/table><\/figure>\n\n\n\n<p><\/p>\n","protected":false},"excerpt":{"rendered":"<p>&#8220;Er ist nicht nur der ber\u00fchmteste, sondern auch der tiefste Denker auf naturphilosophischemGebiet seit Helmholtz und hat in den letzten 10 Jahren dem Ansehen der deutschenWissenschaft mehr gen\u00fctzt, als irgendein anderer.&#8221; aus dem Wahlvorschlag f\u00fcr Einstein zum korrespondierenden Mitglied der Bayerischen Akademie der Wissenschaften, 4. Februar 1927 &#8220;He is not only the most famous but [&hellip;]<\/p>\n","protected":false},"author":1,"featured_media":0,"parent":0,"menu_order":0,"comment_status":"closed","ping_status":"closed","template":"","meta":{"footnotes":""},"class_list":["post-641","page","type-page","status-publish","hentry"],"_links":{"self":[{"href":"https:\/\/einstein-website.de\/en\/wp-json\/wp\/v2\/pages\/641"}],"collection":[{"href":"https:\/\/einstein-website.de\/en\/wp-json\/wp\/v2\/pages"}],"about":[{"href":"https:\/\/einstein-website.de\/en\/wp-json\/wp\/v2\/types\/page"}],"author":[{"embeddable":true,"href":"https:\/\/einstein-website.de\/en\/wp-json\/wp\/v2\/users\/1"}],"replies":[{"embeddable":true,"href":"https:\/\/einstein-website.de\/en\/wp-json\/wp\/v2\/comments?post=641"}],"version-history":[{"count":1,"href":"https:\/\/einstein-website.de\/en\/wp-json\/wp\/v2\/pages\/641\/revisions"}],"predecessor-version":[{"id":2553,"href":"https:\/\/einstein-website.de\/en\/wp-json\/wp\/v2\/pages\/641\/revisions\/2553"}],"wp:attachment":[{"href":"https:\/\/einstein-website.de\/en\/wp-json\/wp\/v2\/media?parent=641"}],"curies":[{"name":"wp","href":"https:\/\/api.w.org\/{rel}","templated":true}]}}