{"id":639,"date":"2021-12-19T13:56:15","date_gmt":"2021-12-19T12:56:15","guid":{"rendered":"http:\/\/testik.de\/einstein-website.de\/en\/?page_id=639"},"modified":"2023-02-26T08:15:25","modified_gmt":"2023-02-26T07:15:25","slug":"national-academy-of-the-lincei-rom","status":"publish","type":"page","link":"https:\/\/einstein-website.de\/en\/national-academy-of-the-lincei-rom\/","title":{"rendered":"National Academy of the Lincei, Rom"},"content":{"rendered":"\n<div class=\"wp-block-columns is-layout-flex wp-container-core-columns-is-layout-1 wp-block-columns-is-layout-flex\">\n<div class=\"wp-block-column is-layout-flow wp-block-column-is-layout-flow\" style=\"flex-basis:9%\"><div class=\"wp-block-image\">\n<figure class=\"alignleft size-large\"><img loading=\"lazy\" decoding=\"async\" width=\"56\" height=\"56\" src=\"https:\/\/einstein-website.de\/en\/wp-content\/uploads\/sites\/3\/2021\/12\/ic_hd_information.png\" alt=\"\" class=\"wp-image-778\"\/><\/figure><\/div><\/div>\n\n\n\n<div class=\"wp-block-column is-layout-flow wp-block-column-is-layout-flow\" style=\"flex-basis:80%\">\n<p>Information<\/p>\n<\/div>\n\n\n\n<div class=\"wp-block-column is-layout-flow wp-block-column-is-layout-flow\" style=\"flex-basis:11%\"><a href=\"https:\/\/einstein-website.de\/\" title=\"DEUTSCH\"><img decoding=\"async\" src=\"https:\/\/einstein-website.de\/en\/wp-content\/plugins\/multisite-language-switcher\/flags\/de.png\" alt=\"de_DE\"\/> DEUTSCH<\/a><\/div>\n<\/div>\n\n\n\n<blockquote class=\"wp-block-quote is-layout-flow wp-block-quote-is-layout-flow\">\n<p>&#8220;Ich ersuche Sie hiermit, meinen Namen aus der Liste Ihrer korrespondierenden Mitglieder zu streichen!&#8221;<\/p>\n<\/blockquote>\n\n\n\n<blockquote class=\"wp-block-quote is-layout-flow wp-block-quote-is-layout-flow\">\n<p>&#8220;I herewith ask you to cancel my name from the list of your corresponding members!&#8221;<\/p>\n<\/blockquote>\n\n\n\n<p class=\"has-text-align-right\">Einstein in a letter to the Accademia Nazionale dei Lincei in Rome, December 15, 1938<\/p>\n\n\n\n<div style=\"height:30px\" aria-hidden=\"true\" class=\"wp-block-spacer\"><\/div>\n\n\n\n<h2 class=\"wp-block-heading\">EINSTEIN AND THE ACCADEMIA NAZIONALE DEI LINCEI IN ROME<\/h2>\n\n\n\n<div style=\"height:10px\" aria-hidden=\"true\" class=\"wp-block-spacer\"><\/div>\n\n\n\n<p><strong>A short story of the Academy<\/strong><\/p>\n\n\n\n<p>The <strong>Accademia Nazionale dei Lincei<\/strong> was founded in 1603 in Rome by the aristocrat <strong>Frederico Cesi<\/strong> (1585-1630) who was interested in natural sciences. It is the oldest scientific academy of the world. Among the first members were also the Italian mathematician, philosopher, physicist and astronomer <strong>Galileo Galilei<\/strong> (1564-1642).<\/p>\n\n\n\n<p>Founding members of the <em>Academy<\/em> were in addition to Cesi the mathematician <strong>Francesco Stelluti<\/strong> (1577-1652), the Dutch doctor, astronomer and natural researcher <strong>Johannes van Heeck<\/strong> (1579-1630) and <strong>Anastasio de Fillis<\/strong> (1577-1608). In the first years the number of the members was continuously increasing. In 1630 however, after the death of Francesco Cesi, the <em>Academy<\/em> became more and more unimportant. In 1840 it was closed by Pope <strong>Gregor XVI<\/strong> (1765-1846), however, only a short time later it was revived. In the course of time the <em>Academy<\/em> then lived through a changeful history.<\/p>\n\n\n\n<p>In the year 1926 the <em>Accademia d&#8217;Italia<\/em> was founded by the founder and leader of the Fascist party in Italy, the Duce, <strong>Benito Mussolini<\/strong> (1883-1945). In 1939 it was merged with the <em>Accademia dei Lincei<\/em>. The reason for this merger was that the members of the <em>Accademia dei Lincei<\/em> had almost all an anti-fascist attitude. This merger could only be cancelled after the collapse of the Fascist regime in 1945.<\/p>\n\n\n\n<p>Since that time the <em>Accademia dei Lincei<\/em> could be continued according to its history and tradition. Today it is the national Academy of Sciences of Italy.<\/p>\n\n\n\n<p>The <em>Academy<\/em> is divided into two classes. The membership is comprised of ordinary, foreign as well as corresponding members.<\/p>\n\n\n\n<p>A few names of members of the <em>Academy<\/em> shall be mentioned here with the indication of the year of their acceptance:<\/p>\n\n\n\n<p>(1611) Galileo Galilei, (1875) Robert Wilhelm Bunsen, (1875) Charles Darwin, (1875) Hermann von Helmholtz, (1876) Theodor Mommsen, (1880) Rudolf Clausius, (1883) Felix Klein, (1888) Louis Pasteur, (1892) Heinrich Hertz, (1894) Adolf von Baeyer, (1895) Ludwig Boltzmann, (1899) Emil Fischer, (1899) Ernst Haeckel, (1901) Guido Castelnuovo, (1903) David Hilbert, (1904) Adolf von Harnack, (1907) Paul Ehrlich, (1913) Adolf Hurwitz, (1914) Max Planck, (1922) Johannes Stark, (1924) Niels Bohr, (1932) Enrico Fermi, (1947) Louis de Broglie, (1947) Fr\u00e9d\u00e9ric Joliot Curie, (1947) Werner Heisenberg, (1947) Erwin Schr\u00f6dinger, (1951) William Lawrence Bragg, (1958) Paul Dirac und (1958) Wolfgang Pauli.<\/p>\n\n\n\n<p class=\"has-text-align-right\">Accademia Nazionale dei Lincei in Rom, <a href=\"https:\/\/www.lincei.it\/en\" target=\"_blank\" rel=\"noreferrer noopener\">www.lincei.it<\/a><\/p>\n\n\n\n<div style=\"height:10px\" aria-hidden=\"true\" class=\"wp-block-spacer\"><\/div>\n\n\n\n<p><strong>Albert Einstein and the Accademia Nazionale dei Lincei<\/strong><\/p>\n\n\n\n<p>The President of the <em>Academy<\/em>, <strong>Vito Volterra<\/strong> (1860-1940), informed Albert Einstein in a letter dated July 25, 1921 that he was elected as foreign member of the physical, mathematical and scientific class 3a. The official acceptance of Einstein into the <em>Accademia Nazionale dei Lincei<\/em> was then effected on September 29, 1921. Because of the Fascist race laws in Italy (several Jewish Italian members had been excluded from the <em>Academy<\/em>), he ended his membership on December 15, 1938. In a letter of the President of the <em>Academy<\/em> dated January 2, 1939, Einstein\u2018s decision was accepted.<\/p>\n\n\n\n<p>After the war the <em>Academy<\/em> could return to its normal institutional activities. On April 26, 1946 <strong>Guido Castelnuova<\/strong> (1865-1952), the President of the natural sciences faculty reports in a letter about the &#8220;refoundation&#8221; of the <em>Academy<\/em> and expressed the wish to once again have Einstein as member. Einstein was pleased and accepted on June 25, 1946.<\/p>\n\n\n\n<p>Letters from Einstein to the Accademia Nazionale dei Lincei in Rome:<\/p>\n\n\n\n<div style=\"height:10px\" aria-hidden=\"true\" class=\"wp-block-spacer\"><\/div>\n\n\n\n<hr class=\"wp-block-separator has-css-opacity\"\/>\n\n\n\n<div style=\"height:10px\" aria-hidden=\"true\" class=\"wp-block-spacer\"><\/div>\n\n\n\n<p class=\"has-text-align-center\">  <span class=\"has-inline-color has-vivid-cyan-blue-color\">\u201eden 3. Oktober 1938<\/span><\/p>\n\n\n\n<p><mark style=\"background-color:rgba(0, 0, 0, 0)\" class=\"has-inline-color has-vivid-cyan-blue-color\">Reale Accademia Nazionale<br>dei Lincei<br>Roma<\/mark><\/p>\n\n\n\n<p><mark style=\"background-color:rgba(0, 0, 0, 0)\" class=\"has-inline-color has-vivid-cyan-blue-color\">          Gem\u00e4ss Zeitungsmeldungen soll das Ausscheiden j\u00fcdischer italienischer Gelehrter aus dortigen Akademien verf\u00fcgt worden sein. Ich erlaube mir die h\u00f6fliche Anfrage, ob diese Meldung auf Wahrheit beruht.  <\/mark><\/p>\n\n\n\n<p class=\"has-text-align-center\"><mark style=\"background-color:rgba(0, 0, 0, 0)\" class=\"has-inline-color has-vivid-cyan-blue-color\">Mit ausgezeichneter Hochachtung<\/mark><\/p>\n\n\n\n<p class=\"has-text-align-center\"><mark style=\"background-color:rgba(0, 0, 0, 0)\" class=\"has-inline-color has-vivid-cyan-blue-color\">Professor Albert Einstein<\/mark><\/p>\n\n\n\n<p><mark style=\"background-color:rgba(0, 0, 0, 0)\" class=\"has-inline-color has-vivid-cyan-blue-color\">Einschreiben!\u201c<\/mark><\/p>\n\n\n\n<div style=\"height:50px\" aria-hidden=\"true\" class=\"wp-block-spacer\"><\/div>\n\n\n\n<p class=\"has-text-align-center\"><mark style=\"background-color:rgba(0, 0, 0, 0)\" class=\"has-inline-color has-vivid-cyan-blue-color\">&#8220;October 03, 1938<\/mark><\/p>\n\n\n\n<p><mark style=\"background-color:rgba(0, 0, 0, 0)\" class=\"has-inline-color has-vivid-cyan-blue-color\">Reale Accademia Nazionale<br>dei Lincei<br>Rome<\/mark><\/p>\n\n\n\n<p><mark style=\"background-color:rgba(0, 0, 0, 0)\" class=\"has-inline-color has-vivid-cyan-blue-color\">I read in the newspaper that it was ordered to end the membership of Jewish Italian scholars with Italian academies. I allow myself the cordial request whether this fact is true.<\/mark><\/p>\n\n\n\n<p class=\"has-text-align-center\"><mark style=\"background-color:rgba(0, 0, 0, 0)\" class=\"has-inline-color has-vivid-cyan-blue-color\">With highest esteem<\/mark><\/p>\n\n\n\n<p class=\"has-text-align-center\"><mark style=\"background-color:rgba(0, 0, 0, 0)\" class=\"has-inline-color has-vivid-cyan-blue-color\">Professor Albert Einstein<\/mark><\/p>\n\n\n\n<p><mark style=\"background-color:rgba(0, 0, 0, 0)\" class=\"has-inline-color has-vivid-cyan-blue-color\">Registered letter!\u201c<\/mark><\/p>\n\n\n\n<div style=\"height:10px\" aria-hidden=\"true\" class=\"wp-block-spacer\"><\/div>\n\n\n\n<hr class=\"wp-block-separator has-css-opacity\"\/>\n\n\n\n<div style=\"height:10px\" aria-hidden=\"true\" class=\"wp-block-spacer\"><\/div>\n\n\n\n<p class=\"has-text-align-center\"><mark style=\"background-color:rgba(0, 0, 0, 0)\" class=\"has-inline-color has-vivid-cyan-blue-color\">\u201eden 15. Dezember 1938<\/mark><\/p>\n\n\n\n<p><mark style=\"background-color:rgba(0, 0, 0, 0)\" class=\"has-inline-color has-vivid-cyan-blue-color\">Reale Accademia Nazionale<br>Dei Lincei<br>Rom<\/mark><\/p>\n\n\n\n<p><mark style=\"background-color:rgba(0, 0, 0, 0)\" class=\"has-inline-color has-vivid-cyan-blue-color\">Sehr geehrte Herren!<\/mark><\/p>\n\n\n\n<p><mark style=\"background-color:rgba(0, 0, 0, 0)\" class=\"has-inline-color has-vivid-cyan-blue-color\">Ich ersuche Sie hiermit, meinen Namen aus der Liste Ihrer korrespondierenden Mitglieder zu streichen!   <\/mark>                                         <\/p>\n\n\n\n<p class=\"has-text-align-center\"><mark style=\"background-color:rgba(0, 0, 0, 0)\" class=\"has-inline-color has-vivid-cyan-blue-color\">Hochachtungsvoll<\/mark><\/p>\n\n\n\n<p class=\"has-text-align-center\"><mark style=\"background-color:rgba(0, 0, 0, 0)\" class=\"has-inline-color has-vivid-cyan-blue-color\">Professor Albert Einstein.\u201c<\/mark><\/p>\n\n\n\n<div style=\"height:50px\" aria-hidden=\"true\" class=\"wp-block-spacer\"><\/div>\n\n\n\n<p class=\"has-text-align-center\"><mark style=\"background-color:rgba(0, 0, 0, 0)\" class=\"has-inline-color has-vivid-cyan-blue-color\">&#8220;December 15, 1938<\/mark><\/p>\n\n\n\n<p><mark style=\"background-color:rgba(0, 0, 0, 0)\" class=\"has-inline-color has-vivid-cyan-blue-color\">Reale Accademia Nazionale<br>Dei Lincei<br>Rome<\/mark><\/p>\n\n\n\n<p><mark style=\"background-color:rgba(0, 0, 0, 0)\" class=\"has-inline-color has-vivid-cyan-blue-color\">Dear Sirs!<\/mark><\/p>\n\n\n\n<p><mark style=\"background-color:rgba(0, 0, 0, 0)\" class=\"has-inline-color has-vivid-cyan-blue-color\">I herewith request you to cancel my name from the list of your corresponding members! <\/mark>                                           <\/p>\n\n\n\n<p class=\"has-text-align-center\"><mark style=\"background-color:rgba(0, 0, 0, 0)\" class=\"has-inline-color has-vivid-cyan-blue-color\">Best regards<\/mark><\/p>\n\n\n\n<p class=\"has-text-align-center\"><mark style=\"background-color:rgba(0, 0, 0, 0)\" class=\"has-inline-color has-vivid-cyan-blue-color\">Professor Albert Einstein.\u201c<\/mark><\/p>\n\n\n\n<div style=\"height:10px\" aria-hidden=\"true\" class=\"wp-block-spacer\"><\/div>\n\n\n\n<hr class=\"wp-block-separator has-css-opacity\"\/>\n\n\n\n<div style=\"height:10px\" aria-hidden=\"true\" class=\"wp-block-spacer\"><\/div>\n\n\n\n<p class=\"has-text-align-center\"><mark style=\"background-color:rgba(0, 0, 0, 0)\" class=\"has-inline-color has-vivid-cyan-blue-color\">\u201cJune 26, 1946<\/mark><\/p>\n\n\n\n<p><mark style=\"background-color:rgba(0, 0, 0, 0)\" class=\"has-inline-color has-vivid-cyan-blue-color\">To the President of the<br>Academia Nationale dei Lincei<br>Rome, Italy<\/mark><\/p>\n\n\n\n<p><mark style=\"background-color:rgba(0, 0, 0, 0)\" class=\"has-inline-color has-vivid-cyan-blue-color\">Sir:<\/mark><\/p>\n\n\n\n<p><mark style=\"background-color:rgba(0, 0, 0, 0)\" class=\"has-inline-color has-vivid-cyan-blue-color\">With great pleasure I see from your letter of April 26th 1946 that the Academia Nationale dei Lincei has resumed its activities for the benefit of science, your country having been liberated from fascist oppression. My mailing-address (private) is: 112 Mercer Str. Princeton N.J.<\/mark><\/p>\n\n\n\n<p class=\"has-text-align-center\"><mark style=\"background-color:rgba(0, 0, 0, 0)\" class=\"has-inline-color has-vivid-cyan-blue-color\">Faithfully yours,<\/mark><\/p>\n\n\n\n<p class=\"has-text-align-center\"><mark style=\"background-color:rgba(0, 0, 0, 0)\" class=\"has-inline-color has-vivid-cyan-blue-color\">Albert Einstein.<\/mark><\/p>\n\n\n\n<p><mark style=\"background-color:rgba(0, 0, 0, 0)\" class=\"has-inline-color has-vivid-cyan-blue-color\">P. S. Dear Dr. Castelnuovo:<\/mark><\/p>\n\n\n\n<p><mark style=\"background-color:rgba(0, 0, 0, 0)\" class=\"has-inline-color has-vivid-cyan-blue-color\">I shall be happy indeed to become again socio straniero of your Academy as I have been in the good times of the past.<\/mark><\/p>\n\n\n\n<p class=\"has-text-align-center\"><mark style=\"background-color:rgba(0, 0, 0, 0)\" class=\"has-inline-color has-vivid-cyan-blue-color\">A. E.\u201d<\/mark><\/p>\n\n\n\n<div style=\"height:10px\" aria-hidden=\"true\" class=\"wp-block-spacer\"><\/div>\n\n\n\n<hr class=\"wp-block-separator has-css-opacity\"\/>\n\n\n\n<div style=\"height:10px\" aria-hidden=\"true\" class=\"wp-block-spacer\"><\/div>\n\n\n\n<p>Einstein had contacts to the <em>Academy<\/em> as well as to single members far beyond his nomination as foreign member. His membership in the <strong>Accademia Nazionale dei Lincei<\/strong> in Rome only ended with his death on April 18, 1955.<\/p>\n\n\n\n<div style=\"height:10px\" aria-hidden=\"true\" class=\"wp-block-spacer\"><\/div>\n\n\n\n<p><strong><span style=\"text-decoration: underline\">Bibliography:<\/span><\/strong><\/p>\n\n\n\n<figure class=\"wp-block-table alignleft is-style-regular keinbalken\" id=\"table4\"><table class=\"has-fixed-layout\"><tbody><tr><td>Accademia Nazionale dei Lincei<\/td><td><em><strong>A BRIEF OUTLINE<\/strong><\/em><\/td><td>Rome 2010<\/td><\/tr><tr><td>Accademia Nazionale dei Lincei<\/td><td><em><strong>ANNUARIO DELLA ACCADEMIA NAZIONALE DEI LINCEI<\/strong><\/em><\/td><td>Rome 2014<\/td><\/tr><tr><td>Editors: Diana Kormos Buchwald,<br>Ze&#8217;ev Rosenkranz, Tilman Sauer,<br>J\u00f3zsef Illy, Virginia Iris Holmes<\/td><td><strong><em>The Collected Papers of Albert Einstein, Volume 12<\/em><\/strong><\/td><td>Princeton 2009<\/td><\/tr><\/tbody><\/table><\/figure>\n\n\n\n<p><\/p>\n","protected":false},"excerpt":{"rendered":"<p>&#8220;Ich ersuche Sie hiermit, meinen Namen aus der Liste Ihrer korrespondierenden Mitglieder zu streichen!&#8221; &#8220;I herewith ask you to cancel my name from the list of your corresponding members!&#8221; Einstein in a letter to the Accademia Nazionale dei Lincei in Rome, December 15, 1938 EINSTEIN AND THE ACCADEMIA NAZIONALE DEI LINCEI IN ROME A short [&hellip;]<\/p>\n","protected":false},"author":2,"featured_media":0,"parent":0,"menu_order":0,"comment_status":"closed","ping_status":"closed","template":"","meta":{"footnotes":""},"class_list":["post-639","page","type-page","status-publish","hentry"],"_links":{"self":[{"href":"https:\/\/einstein-website.de\/en\/wp-json\/wp\/v2\/pages\/639"}],"collection":[{"href":"https:\/\/einstein-website.de\/en\/wp-json\/wp\/v2\/pages"}],"about":[{"href":"https:\/\/einstein-website.de\/en\/wp-json\/wp\/v2\/types\/page"}],"author":[{"embeddable":true,"href":"https:\/\/einstein-website.de\/en\/wp-json\/wp\/v2\/users\/2"}],"replies":[{"embeddable":true,"href":"https:\/\/einstein-website.de\/en\/wp-json\/wp\/v2\/comments?post=639"}],"version-history":[{"count":2,"href":"https:\/\/einstein-website.de\/en\/wp-json\/wp\/v2\/pages\/639\/revisions"}],"predecessor-version":[{"id":2562,"href":"https:\/\/einstein-website.de\/en\/wp-json\/wp\/v2\/pages\/639\/revisions\/2562"}],"wp:attachment":[{"href":"https:\/\/einstein-website.de\/en\/wp-json\/wp\/v2\/media?parent=639"}],"curies":[{"name":"wp","href":"https:\/\/api.w.org\/{rel}","templated":true}]}}