{"id":638,"date":"2021-12-19T13:56:04","date_gmt":"2021-12-19T12:56:04","guid":{"rendered":"http:\/\/testik.de\/einstein-website.de\/en\/?page_id=638"},"modified":"2023-02-26T08:34:56","modified_gmt":"2023-02-26T07:34:56","slug":"royal-academy-of-sciences-in-amsterdam","status":"publish","type":"page","link":"https:\/\/einstein-website.de\/en\/royal-academy-of-sciences-in-amsterdam\/","title":{"rendered":"Royal Academy of Sciences in Amsterdam"},"content":{"rendered":"\n<div class=\"wp-block-columns is-layout-flex wp-container-core-columns-is-layout-1 wp-block-columns-is-layout-flex\">\n<div class=\"wp-block-column is-layout-flow wp-block-column-is-layout-flow\" style=\"flex-basis:9%\"><div class=\"wp-block-image\">\n<figure class=\"alignleft size-large\"><img loading=\"lazy\" decoding=\"async\" width=\"56\" height=\"56\" src=\"https:\/\/einstein-website.de\/en\/wp-content\/uploads\/sites\/3\/2021\/12\/ic_hd_information.png\" alt=\"\" class=\"wp-image-778\"\/><\/figure><\/div><\/div>\n\n\n\n<div class=\"wp-block-column is-layout-flow wp-block-column-is-layout-flow\" style=\"flex-basis:80%\">\n<p>Information<\/p>\n<\/div>\n\n\n\n<div class=\"wp-block-column is-layout-flow wp-block-column-is-layout-flow\" style=\"flex-basis:11%\"><a href=\"https:\/\/einstein-website.de\/\" title=\"DEUTSCH\"><img decoding=\"async\" src=\"https:\/\/einstein-website.de\/en\/wp-content\/plugins\/multisite-language-switcher\/flags\/de.png\" alt=\"de_DE\"\/> DEUTSCH<\/a><\/div>\n<\/div>\n\n\n\n<blockquote class=\"wp-block-quote is-layout-flow wp-block-quote-is-layout-flow\">\n<p>&#8220;Ich nehme diese Wahl dankbar an \u2026&#8221;<\/p>\n<\/blockquote>\n\n\n\n<blockquote class=\"wp-block-quote is-layout-flow wp-block-quote-is-layout-flow\">\n<p>&#8220;I thankfully accept this election \u2026&#8221;<\/p>\n<\/blockquote>\n\n\n\n<p class=\"has-text-align-right\">Einstein in a letter to the Royal Academy of Sciences in Amsterdam, May 24, 1920<\/p>\n\n\n\n<div style=\"height:30px\" aria-hidden=\"true\" class=\"wp-block-spacer\"><\/div>\n\n\n\n<h2 class=\"wp-block-heading\">EINSTEIN AND THE ROYAL ACADEMY OF SCIENCES IN AMSTERDAM<\/h2>\n\n\n\n<p><strong>Koninklijke Nederlandse Akademie van Wetenschappen<\/strong><\/p>\n\n\n\n<div style=\"height:10px\" aria-hidden=\"true\" class=\"wp-block-spacer\"><\/div>\n\n\n\n<p><strong>A short story of the Academy<\/strong><\/p>\n\n\n\n<p>The <strong>Dutch Royal Academy of Sciences<\/strong> was founded in Amsterdam by <strong>Louis Napol\u00e9on Bonaparte<\/strong> (1778-1846), King of the Netherlands, on May 4, 1808. This was the time of the French occupation. In the course of the years the <em>Academy<\/em> was renamed several times. It received its present name in 1938. It is divided into two classes: the class for natural sciences and the class for human and social sciences. The membership is comprised of members, corresponding members and foreign members. Today the <em>Academy<\/em> awards several scientific prices, for example the <em>Lorentz Medal<\/em> and the <em>Christiaan Huygens Science Prize<\/em>. A special award of the <em>Academy<\/em> is the award for the lifework, the <em>Academy Chair<\/em>.<\/p>\n\n\n\n<p>Members were among others also the physicists and Nobel laureates <strong>Hendrik Antoon Lorentz<\/strong> (1853-1928) and <strong>Pieter Zeeman<\/strong> (1865-1943). They jointly received the Nobel Prize for Physics in 1902 &#8220;\u2026 as recognition of the extraordinary merit they have acquired through their examinations concerning the influence of magnetism on the radiation phenomena.&#8221;<br>On November 13, 1911 he resides in Prague and writes a letter to Heinrich Zangger about the Dutch physicist Lorentz whom Einstein worshipped very much: <span class=\"has-inline-color has-vivid-cyan-blue-color\">\u201e\u2026 H. A. Lorentz ist ein Wunder von Intelligenz und feinem Takt. Ein lebendiges Kunstwerk! Er ist nach meiner Meinung immer noch der intelligenteste unter den anwesenden Theoretikern gewesen.&#8221;<\/span><\/p>\n\n\n\n<p><mark style=\"background-color:rgba(0, 0, 0, 0)\" class=\"has-inline-color has-vivid-cyan-blue-color\">&#8220;\u2026 H. A. Lorentz is a wonder of intelligence and fine discretion. A living artwork! In my opinion he still has been the most intelligent among the present theorists.&#8221;<\/mark><\/p>\n\n\n\n<p>Some known names of corresponding, i.e. foreign members of the <em>Academy<\/em> from earlier times shall be mentioned here in the chronological order of their membership:<br>the two corresponding members Ludwig van Beethoven and Alexander von Humboldt as well as the foreign members Carl Friedrich Gau\u00df, Charles Darwin, Ludwig Boltzmann, Marie Curie, Niels Bohr, Max Planck and Werner Heisenberg, to just name a few.<\/p>\n\n\n\n<div style=\"height:10px\" aria-hidden=\"true\" class=\"wp-block-spacer\"><\/div>\n\n\n\n<p>On May 19, 1920 also Albert Einstein was accepted by the <em>Academy<\/em> as foreign member.<\/p>\n\n\n\n<p class=\"has-text-align-right\">Koninklijke Nederlandse Akademie van Wetenschappen, <a href=\"https:\/\/knaw.nl\/en?set_language=en\" target=\"_blank\" rel=\"noreferrer noopener\">www.knaw.nl<\/a><\/p>\n\n\n\n<div style=\"height:10px\" aria-hidden=\"true\" class=\"wp-block-spacer\"><\/div>\n\n\n\n<p><strong>Albert Einstein and the Royal Academy of Sciences in Amsterdam<\/strong><\/p>\n\n\n\n<p>During a meeting taking place on March 27, 1920 thirteen candidates were proposed as foreign members for the natural science class of the <em>Academy<\/em>, however, there were only nine free places. On April 23, 1920 there were five corresponding rounds of voting. Einstein was already elected in the first round of voting. In a letter of the Ministry of Education dated May 18, 1920 the Secretary of the Academy was informed about the result of the election. He then in turn informed the candidates about their election.<\/p>\n\n\n\n<p>On May 19, 1920 and with the signature of <strong>Queen Wilhelmina<\/strong> (1880-1962) on the nomination deed, Albert Einstein was elected as foreign member into the Physics department of the <em>Royal Academy of Sciences in Amsterdam<\/em>. The Secretary of the <em>Academy<\/em>, <strong>Pieter Zeemann<\/strong>, informed Einstein in writing on May 21. However, Einstein must already have been informed in advance, as he already told his wife Elsa in a letter dated May 20: <span class=\"has-inline-color has-vivid-cyan-blue-color\">\u201e\u2026 Ausserdem muss ich am 29. noch in der Akademie in Amsterdam sein, wo ich zum ausl\u00e4ndischen Mitglied ernannt worden bin.&#8221;<\/span><\/p>\n\n\n\n<p><mark style=\"background-color:rgba(0, 0, 0, 0)\" class=\"has-inline-color has-vivid-cyan-blue-color\">&#8220;\u2026 Furthermore I still have to be in the Academy in Amsterdam on 29, where I have been nominated as foreign member.&#8221;<\/mark><\/p>\n\n\n\n<p>Einstein approved of the election. In a letter to the Secretary Einstein wrote:<\/p>\n\n\n\n<div style=\"height:10px\" aria-hidden=\"true\" class=\"wp-block-spacer\"><\/div>\n\n\n\n<hr class=\"wp-block-separator has-css-opacity\"\/>\n\n\n\n<div style=\"height:10px\" aria-hidden=\"true\" class=\"wp-block-spacer\"><\/div>\n\n\n\n<p class=\"has-text-align-right\"><mark style=\"background-color:rgba(0, 0, 0, 0)\" class=\"has-inline-color has-vivid-cyan-blue-color\">&#8220;24. Mai 1920<\/mark>                <\/p>\n\n\n\n<p><mark style=\"background-color:rgba(0, 0, 0, 0)\" class=\"has-inline-color has-vivid-cyan-blue-color\">Hoch geehrter Herr Secret\u00e4r,<\/mark><\/p>\n\n\n\n<p><mark style=\"background-color:rgba(0, 0, 0, 0)\" class=\"has-inline-color has-vivid-cyan-blue-color\">In Ihrem Schreiben vom 21. Mai haben Sir mir mitgeteilt, dass Ihre Akademie beschlossen hat, mich als Mitglied aufzunehmen. Ich nehme diese Wahl dankbar an und sch\u00e4tze mich gl\u00fccklich, diesem Kreise von Forschern anzugeh\u00f6ren, mit dessen fachgen\u00f6ssischen Mitgliedern mich seit vielen Jahren eifrige Zusammenarbeit, alte Freundschaft und Gef\u00fchle hoher Verehrung verbinden.<br>Mit ausgezeichneter Hochachtung Ihr ganz ergebener<\/mark><br><\/p>\n\n\n\n<p class=\"has-text-align-center\"><mark style=\"background-color:rgba(0, 0, 0, 0)\" class=\"has-inline-color has-vivid-cyan-blue-color\">A. Einstein&#8221;<\/mark><\/p>\n\n\n\n<p class=\"has-text-align-right\"><mark style=\"background-color:rgba(0, 0, 0, 0)\" class=\"has-inline-color has-vivid-cyan-blue-color\">&#8220;May 24, 1920  <\/mark>              <\/p>\n\n\n\n<p><mark style=\"background-color:rgba(0, 0, 0, 0)\" class=\"has-inline-color has-vivid-cyan-blue-color\">Highly respected Mr. Secretary,<\/mark><\/p>\n\n\n\n<p><mark style=\"background-color:rgba(0, 0, 0, 0)\" class=\"has-inline-color has-vivid-cyan-blue-color\">In your letter dated May 21 you have told me that your Academy has decided to accept me as a member. I accept this election thankfully and I am happy to be part of this circle of researchers with the scientific members of which I have been connected for many years through diligent cooperation, old friendship and emotions of high esteem.<br>With the greatest respect and admiration, yours totally faithful<\/mark><br><\/p>\n\n\n\n<p class=\"has-text-align-center\"><mark style=\"background-color:rgba(0, 0, 0, 0)\" class=\"has-inline-color has-vivid-cyan-blue-color\">A. Einstein&#8221;<\/mark><\/p>\n\n\n\n<div style=\"height:10px\" aria-hidden=\"true\" class=\"wp-block-spacer\"><\/div>\n\n\n\n<hr class=\"wp-block-separator has-css-opacity\"\/>\n\n\n\n<div style=\"height:10px\" aria-hidden=\"true\" class=\"wp-block-spacer\"><\/div>\n\n\n\n<p>On May 27, 1920 Hendrik Antoon Lorentz wrote to Einstein:<\/p>\n\n\n\n<p class=\"has-text-align-right\"><mark style=\"background-color:rgba(0, 0, 0, 0)\" class=\"has-inline-color has-vivid-cyan-blue-color\">&#8220;Haarlem, 27. Mai 1920<\/mark><\/p>\n\n\n\n<p><mark style=\"background-color:rgba(0, 0, 0, 0)\" class=\"has-inline-color has-vivid-cyan-blue-color\">Lieber Kollege,<\/mark><\/p>\n\n\n\n<p><mark style=\"background-color:rgba(0, 0, 0, 0)\" class=\"has-inline-color has-vivid-cyan-blue-color\">Ich muss Ihnen doch einmal sagen &#8211; und h\u00e4tte es schon fr\u00fcher tun sollen &#8211; wie herzlich ich mich dar\u00fcber freue, dass Sie jetzt als ausw\u00e4rtiges Mitglied zu unserer Akademie der Wissenschaften geh\u00f6ren. Sie k\u00f6nnen versichert sein, dass alle Mitglieder diese Freude teilen und Ihre Wahl als etwas selbstverst\u00e4ndliches betrachtet haben. Ich hoffe, dass wir Sie recht oft in den Sitzungen sehen werden. \u2026 Mit herzlichen Gr\u00fcssen, und in der Hoffnung, Sie \u00fcbermorgen zu sehen treulich Ihr<\/mark><\/p>\n\n\n\n<p class=\"has-text-align-center\"><mark style=\"background-color:rgba(0, 0, 0, 0)\" class=\"has-inline-color has-vivid-cyan-blue-color\">H. A. Lorentz&#8221;<\/mark><\/p>\n\n\n\n<p class=\"has-text-align-right\"><mark style=\"background-color:rgba(0, 0, 0, 0)\" class=\"has-inline-color has-vivid-cyan-blue-color\">&#8220;Haarlem, May 27, 1920<\/mark><\/p>\n\n\n\n<p><mark style=\"background-color:rgba(0, 0, 0, 0)\" class=\"has-inline-color has-vivid-cyan-blue-color\">Dear colleague,<\/mark><\/p>\n\n\n\n<p><mark style=\"background-color:rgba(0, 0, 0, 0)\" class=\"has-inline-color has-vivid-cyan-blue-color\">I have to say to you &#8211; and should already have done that before \u2013 how great my pleasure is that you are now belonging to our Academy of Sciences as foreign member. You can rest assured that all members share this pleasure and have regarded your election as something natural. I hope that we will often see you in the meetings. \u2026 With best regards, and hoping to see you the day after tomorrow, yours trusted<\/mark><\/p>\n\n\n\n<p class=\"has-text-align-center\"><mark style=\"background-color:rgba(0, 0, 0, 0)\" class=\"has-inline-color has-vivid-cyan-blue-color\">H. A. Lorentz&#8221;<\/mark><\/p>\n\n\n\n<div style=\"height:10px\" aria-hidden=\"true\" class=\"wp-block-spacer\"><\/div>\n\n\n\n<hr class=\"wp-block-separator has-css-opacity\"\/>\n\n\n\n<div style=\"height:10px\" aria-hidden=\"true\" class=\"wp-block-spacer\"><\/div>\n\n\n\n<p>The hope of Lorentz should fulfill. On Saturday, May 29, 1920, Albert Einstein was officially presented to the members during a meeting of the <em>Academy<\/em>.<\/p>\n\n\n\n<p>Einstein had contacts to the <em>Academy<\/em> as well as to single members for a long time after his nomination as foreign member. His membership in the <em><strong>Royal Academy of Sciences in Amsterdam<\/strong><\/em> only ended with his death on April 18, 1955.<\/p>\n\n\n\n<div style=\"height:10px\" aria-hidden=\"true\" class=\"wp-block-spacer\"><\/div>\n\n\n\n<p><strong><span style=\"text-decoration: underline\">Bibliography:<\/span><\/strong><\/p>\n\n\n\n<figure class=\"wp-block-table alignleft keinbalken is-style-regular\" id=\"table4\"><table class=\"has-fixed-layout\"><tbody><tr><td>Editors: Martin J. Klein, A. J. Kox,<br>Robert Schulmann<\/td><td><strong><em>The Collected Papers of Albert Einstein, Volume 5<\/em><\/strong><\/td><td>Princeton 1993<\/td><\/tr><tr><td>Editors: Diana Kormos Buchwald, Tilman Sauer, Ze&#8217;ev Rosenkranz, J\u00f3zsef Illy<\/td><td><strong><em>The Collected Papers of Albert Einstein, Volume 10<\/em><\/strong><\/td><td>Princeton 2006<\/td><\/tr><tr><td>A. D. Fokker<\/td><td><strong><em>Levensbericht A. Einstein, in Jaarboek, 1954-1955, Amsterdam, pp. 253-261<\/em><\/strong><\/td><td>Amsterdam 1954\/1955<\/td><\/tr><tr><td>Werner Martin<\/td><td><strong><em>Verzeichnis der Nobelpreistr\u00e4ger 1901-1987<\/em><\/strong><\/td><td>Munich 1988<\/td><\/tr><\/tbody><\/table><\/figure>\n\n\n\n<p><\/p>\n","protected":false},"excerpt":{"rendered":"<p>&#8220;Ich nehme diese Wahl dankbar an \u2026&#8221; &#8220;I thankfully accept this election \u2026&#8221; Einstein in a letter to the Royal Academy of Sciences in Amsterdam, May 24, 1920 EINSTEIN AND THE ROYAL ACADEMY OF SCIENCES IN AMSTERDAM Koninklijke Nederlandse Akademie van Wetenschappen A short story of the Academy The Dutch Royal Academy of Sciences was [&hellip;]<\/p>\n","protected":false},"author":2,"featured_media":0,"parent":0,"menu_order":0,"comment_status":"closed","ping_status":"closed","template":"","meta":{"footnotes":""},"class_list":["post-638","page","type-page","status-publish","hentry"],"_links":{"self":[{"href":"https:\/\/einstein-website.de\/en\/wp-json\/wp\/v2\/pages\/638"}],"collection":[{"href":"https:\/\/einstein-website.de\/en\/wp-json\/wp\/v2\/pages"}],"about":[{"href":"https:\/\/einstein-website.de\/en\/wp-json\/wp\/v2\/types\/page"}],"author":[{"embeddable":true,"href":"https:\/\/einstein-website.de\/en\/wp-json\/wp\/v2\/users\/2"}],"replies":[{"embeddable":true,"href":"https:\/\/einstein-website.de\/en\/wp-json\/wp\/v2\/comments?post=638"}],"version-history":[{"count":1,"href":"https:\/\/einstein-website.de\/en\/wp-json\/wp\/v2\/pages\/638\/revisions"}],"predecessor-version":[{"id":2570,"href":"https:\/\/einstein-website.de\/en\/wp-json\/wp\/v2\/pages\/638\/revisions\/2570"}],"wp:attachment":[{"href":"https:\/\/einstein-website.de\/en\/wp-json\/wp\/v2\/media?parent=638"}],"curies":[{"name":"wp","href":"https:\/\/api.w.org\/{rel}","templated":true}]}}