{"id":636,"date":"2021-12-19T13:55:43","date_gmt":"2021-12-19T12:55:43","guid":{"rendered":"http:\/\/testik.de\/einstein-website.de\/en\/?page_id=636"},"modified":"2023-02-26T08:38:21","modified_gmt":"2023-02-26T07:38:21","slug":"royal-scientific-society-gottingen","status":"publish","type":"page","link":"https:\/\/einstein-website.de\/en\/royal-scientific-society-gottingen\/","title":{"rendered":"Royal Scientific Society, G\u00f6ttingen"},"content":{"rendered":"\n<div class=\"wp-block-columns is-layout-flex wp-container-core-columns-is-layout-1 wp-block-columns-is-layout-flex\">\n<div class=\"wp-block-column is-layout-flow wp-block-column-is-layout-flow\" style=\"flex-basis:9%\"><div class=\"wp-block-image\">\n<figure class=\"alignleft size-large\"><img loading=\"lazy\" decoding=\"async\" width=\"56\" height=\"56\" src=\"https:\/\/einstein-website.de\/en\/wp-content\/uploads\/sites\/3\/2021\/12\/ic_hd_information.png\" alt=\"\" class=\"wp-image-778\"\/><\/figure><\/div><\/div>\n\n\n\n<div class=\"wp-block-column is-layout-flow wp-block-column-is-layout-flow\" style=\"flex-basis:80%\">\n<p>Information<\/p>\n<\/div>\n\n\n\n<div class=\"wp-block-column is-layout-flow wp-block-column-is-layout-flow\" style=\"flex-basis:11%\"><a href=\"https:\/\/einstein-website.de\/\" title=\"DEUTSCH\"><img decoding=\"async\" src=\"https:\/\/einstein-website.de\/en\/wp-content\/plugins\/multisite-language-switcher\/flags\/de.png\" alt=\"de_DE\"\/> DEUTSCH<\/a><\/div>\n<\/div>\n\n\n\n<blockquote class=\"wp-block-quote is-layout-flow wp-block-quote-is-layout-flow\">\n<p>&#8220;\u2026 Es gereicht mir zur Freude, einer Gesellschaft anzuh\u00f6ren, der die Wissenschaft so viel verdankt.&#8221;<\/p>\n<\/blockquote>\n\n\n\n<blockquote class=\"wp-block-quote is-layout-flow wp-block-quote-is-layout-flow\">\n<p>&#8220;\u2026It makes me happy to be a member of a society whom science has so much to thank for.\u201c<\/p>\n<\/blockquote>\n\n\n\n<p class=\"has-text-align-right\">Albert Einstein, Berlin 1915<\/p>\n\n\n\n<div style=\"height:30px\" aria-hidden=\"true\" class=\"wp-block-spacer\"><\/div>\n\n\n\n<h2 class=\"wp-block-heading\">EINSTEIN AND THE K\u00d6NIGLICHE GESELLSCHAFT DER WISSENSCHAFTEN ZU G\u00d6TTINGEN<\/h2>\n\n\n\n<h2 class=\"wp-block-heading\">(ROYAL SCIENTIFIC SOCIETY, G\u00d6TTINGEN)<\/h2>\n\n\n\n<p><strong>A short story of the (society) academy<\/strong><\/p>\n\n\n\n<div style=\"height:10px\" aria-hidden=\"true\" class=\"wp-block-spacer\"><\/div>\n\n\n\n<p>In 1751 the <em>Akademie der Wissenschaften zu G\u00f6ttingen (Academy of Sciences, G\u00f6ttingen)<\/em> was founded by King George II of Great Britain, Elector of Hannover. In the seal of the today second oldest scientific academy in Germany, you can find the motto of the academy &#8220;Fecundat et ornat \u2013 it fertilises and adorns\u201c. This motto refers to the relationship with the Georg August University in G\u00f6ttingen, which was from the beginning very close. The first president of the academy was the Swiss doctor, natural scientist and author <strong>Albrecht von Haller<\/strong> (1708-1777) who realized his plan of &#8220;zweyerley Academien\u201c (two different academies). According to this plan the Georgia Augusta was responsible for the \u201eBelehrung der Jugend\u201c (teaching of the youth) and the academy had the task to \u201dinvent\u201c. Thus the teachers of the Georgia Augusta could also become members of the <em>G\u00f6ttinger Akademie der Wissenschaften (G\u00f6ttingen Academy of Sciences)<\/em> and dedicate themselves to research.<\/p>\n\n\n\n<p>The G\u00f6ttinger Akademie (G\u00f6ttingen Academy) looks back to a long tradition. Many famous scholars were members, among others Ernst Abbe, Max Born, Friedrich Christoph Dahlmann, James Franck, Carl Friedrich Gau\u00df, Johann Matthias Gesner, the brothers Jacob and Wilhelm Grimm, Otto Hahn, Werner Heisenberg, David Hilbert, Christian Gottlob Heyne, Alexander von Humboldt, Georg Christoph Lichtenberg, Walther Nernst, Henri Poincar\u00e9, Julius Wellhausen, Adolf Windaus and Albert Einstein, to only name a few. Today the <em>G\u00f6ttinger Akademie der Wissenschaften (G\u00f6ttingen Academy of Sciences)<\/em> lists in its records more than ten Nobel Prize laureates.<\/p>\n\n\n\n<div style=\"height:10px\" aria-hidden=\"true\" class=\"wp-block-spacer\"><\/div>\n\n\n\n<p><strong>Albert Einstein and the K\u00f6nigliche Gesellschaft der Wissenschaften zu G\u00f6ttingen (Royal Scientific Society, G\u00f6ttingen)<\/strong><\/p>\n\n\n\n<p>Albert Einstein was a corresponding member of the society from December 18, 1915 until his exclusion on November 3, 1933. He was proposed as corresponding member by the full members David Hilbert, Felix Klein, Carl David Runge, Woldemar Voigt and Emil Wiechert. He was elected in the meeting of December 18, 1915.<\/p>\n\n\n\n<p>The directors of the academy, represented by the secretary Ernst Heinrich Ehlers, informed Einstein in writing that very same day. On December 20 Einstein wrote to one of the most important German mathematicians <strong>David Hilbert<\/strong> (1862-1943): <span class=\"has-inline-color has-vivid-cyan-blue-color\">\u201eIch danke Ihnen f\u00fcr die freundliche Mitteilung, die Wahl zum korr. Mitgliede betreffend.&#8221; (\u201dI want to thank you for the friendly letter informing me about the election as corr. member.\u201c)<\/span><\/p>\n\n\n\n<p>Einstein officially thanked the society for the appointment in a letter dated December 23, 1915.<\/p>\n\n\n\n<div style=\"height:10px\" aria-hidden=\"true\" class=\"wp-block-spacer\"><\/div>\n\n\n\n<div class=\"wp-block-columns is-layout-flex wp-container-core-columns-is-layout-2 wp-block-columns-is-layout-flex\">\n<div class=\"wp-block-column is-vertically-aligned-center is-layout-flow wp-block-column-is-layout-flow\">\n<p><mark style=\"background-color:rgba(0, 0, 0, 0)\" class=\"has-inline-color has-vivid-cyan-blue-color\">&#8220;An die k\u00f6nigl. Gesellschaft der Wissenschaften in G\u00f6ttingen.<\/mark><\/p>\n\n\n\n<p><mark style=\"background-color:rgba(0, 0, 0, 0)\" class=\"has-inline-color has-vivid-cyan-blue-color\">Hoch geehrte Herren!<\/mark><\/p>\n\n\n\n<p><mark style=\"background-color:rgba(0, 0, 0, 0)\" class=\"has-inline-color has-vivid-cyan-blue-color\">Ich danke Ihnen herzlich f\u00fcr den Beweis freundlicher Anerkennung, den Sie mir durch Ihre Wahl gegeben haben. Es gereicht mir zur Freude, einer Gesellschaft anzuh\u00f6ren, der die Wissenschaft so viel verdankt.<\/mark><\/p>\n\n\n\n<p class=\"has-text-align-center\"><mark style=\"background-color:rgba(0, 0, 0, 0)\" class=\"has-inline-color has-vivid-cyan-blue-color\">Mit aller Hochachtung<\/mark><\/p>\n\n\n\n<p class=\"has-text-align-center\"><mark style=\"background-color:rgba(0, 0, 0, 0)\" class=\"has-inline-color has-vivid-cyan-blue-color\">A. Einstein<\/mark><\/p>\n\n\n\n<p class=\"has-text-align-right\"><mark style=\"background-color:rgba(0, 0, 0, 0)\" class=\"has-inline-color has-vivid-cyan-blue-color\">23 XII. 15.&#8221;<\/mark><\/p>\n\n\n\n<div style=\"height:10px\" aria-hidden=\"true\" class=\"wp-block-spacer\"><\/div>\n\n\n\n<hr class=\"wp-block-separator has-text-color has-vivid-cyan-blue-color has-css-opacity has-vivid-cyan-blue-background-color has-background is-style-default\"\/>\n\n\n\n<div style=\"height:10px\" aria-hidden=\"true\" class=\"wp-block-spacer\"><\/div>\n\n\n\n<p><mark style=\"background-color:rgba(0, 0, 0, 0)\" class=\"has-inline-color has-vivid-cyan-blue-color\">&#8220;To the Royal Society of Sciences in G\u00f6ttingen.<\/mark><\/p>\n\n\n\n<p><mark style=\"background-color:rgba(0, 0, 0, 0)\" class=\"has-inline-color has-vivid-cyan-blue-color\">Dear Sirs!<\/mark><\/p>\n\n\n\n<p><mark style=\"background-color:rgba(0, 0, 0, 0)\" class=\"has-inline-color has-vivid-cyan-blue-color\">I want to thank you very much for the proof of friendly recognition, which you gave to me through your decision. It makes me happy to be a member of a society whom science has so much to thank for.<\/mark><\/p>\n\n\n\n<p class=\"has-text-align-center\"><mark style=\"background-color:rgba(0, 0, 0, 0)\" class=\"has-inline-color has-vivid-cyan-blue-color\">With all respect<\/mark><\/p>\n\n\n\n<p class=\"has-text-align-center\"><mark style=\"background-color:rgba(0, 0, 0, 0)\" class=\"has-inline-color has-vivid-cyan-blue-color\">A. Einstein<\/mark><\/p>\n\n\n\n<p class=\"has-text-align-right\"><mark style=\"background-color:rgba(0, 0, 0, 0)\" class=\"has-inline-color has-vivid-cyan-blue-color\">23 XII. 15.&#8221;<\/mark><\/p>\n<\/div>\n\n\n\n<div class=\"wp-block-column is-vertically-aligned-center is-layout-flow wp-block-column-is-layout-flow\">\n<figure class=\"wp-block-image size-large is-resized\"><img loading=\"lazy\" decoding=\"async\" src=\"https:\/\/einstein-website.de\/en\/wp-content\/uploads\/sites\/3\/2022\/04\/brief_einstein_low.jpg\" alt=\"\" class=\"wp-image-1830\" width=\"382\" height=\"576\" srcset=\"https:\/\/einstein-website.de\/en\/wp-content\/uploads\/sites\/2\/2022\/04\/brief_einstein_low.jpg 509w, https:\/\/einstein-website.de\/en\/wp-content\/uploads\/sites\/2\/2022\/04\/brief_einstein_low-199x300.jpg 199w\" sizes=\"(max-width: 382px) 100vw, 382px\" \/><figcaption class=\"wp-element-caption\">1 Einstein\u2018s letter of appreciation to the society, 1915<\/figcaption><\/figure>\n<\/div>\n<\/div>\n\n\n\n<div style=\"height:10px\" aria-hidden=\"true\" class=\"wp-block-spacer\"><\/div>\n\n\n\n<p>After Einstein\u2018s withdrawal from the <em><strong>Bayerische Akademie der Wissenschaften (Bavarian Academy of Sciences)<\/strong><\/em> in June 1933 and the letter of the Ausw\u00e4rtiges Amt Berlin (Berlin Ministry of Foreign Affairs) to the G\u00f6ttinger Akademie (G\u00f6ttingen Academy) dated September 18, 1933 in which he is told that Einstein had <span class=\"has-inline-color has-vivid-cyan-blue-color\">\u201edurch eigene Handlungen mehrfach dargetan, dass er keinen Wert darauf legt, deutschen wissenschaftlichen Vereinen oder Gesellschaften anzugeh\u00f6ren\u201c (&#8220;through his own acts made clear several times that he does not value to be a member of German scientific institutions or societies\u201c)<\/span> Albert Einstein was, according to the decision of November 3, 1933, cancelled from the foreign members list.<\/p>\n\n\n\n<p>In August 1945 and in December 1946 Einstein was once again offered the membership in the G\u00f6ttinger Akademie (G\u00f6ttingen Academy), however, both letters remained unanswered.<\/p>\n\n\n\n<p>Today there are no further documents in the archive of the academy concerning Einstein and the <em>K\u00f6nigliche Gesellschaft der Wissenschaften zu G\u00f6ttingen (Royal Society of Sciences in G\u00f6ttingen)<\/em>. There are also no publications of Einstein in the academy publications.<\/p>\n\n\n\n<p><span style=\"text-decoration: underline\">Note:<\/span> The correspondence between the mathematician David Hilbert (G\u00f6ttingen) and Einstein, which was handed over to the university\u2019s library after Hilbert\u2018s death in 1943, attracted no interest and was returned to Princeton. The letters can be found today in the Einstein Archives in Jerusalem.<\/p>\n\n\n\n<div style=\"height:10px\" aria-hidden=\"true\" class=\"wp-block-spacer\"><\/div>\n\n\n\n<p><strong><span style=\"text-decoration: underline\">Illustrations credits:<\/span><\/strong><br>Courtesy of the <strong>Archiv der Akademie der Wissenschaften zu G\u00f6ttingen<\/strong>: Pers. 20., Blatt 916: 1<\/p>\n\n\n\n<p><strong><span style=\"text-decoration: underline\">Bibliography:<\/span><\/strong><\/p>\n\n\n\n<figure class=\"wp-block-table alignleft is-style-regular keinbalken\" id=\"table4\"><table class=\"has-fixed-layout\"><tbody><tr><td>Editors: R. Schulmann, A. J. Kox,<br>Michel Janssen, J\u00f3zsef Illy<\/td><td><strong><em>The Collected Papers of Albert Einstein, Volume 8, Part A<\/em><\/strong><\/td><td>Princeton 1998<\/td><\/tr><tr><td>Abraham Pais<\/td><td><em><strong>Ich vertraue auf Intuition &#8211; Der andere Albert Einstein<\/strong><\/em><\/td><td>Heidelberg 1995<\/td><\/tr><\/tbody><\/table><\/figure>\n","protected":false},"excerpt":{"rendered":"<p>&#8220;\u2026 Es gereicht mir zur Freude, einer Gesellschaft anzuh\u00f6ren, der die Wissenschaft so viel verdankt.&#8221; &#8220;\u2026It makes me happy to be a member of a society whom science has so much to thank for.\u201c Albert Einstein, Berlin 1915 EINSTEIN AND THE K\u00d6NIGLICHE GESELLSCHAFT DER WISSENSCHAFTEN ZU G\u00d6TTINGEN (ROYAL SCIENTIFIC SOCIETY, G\u00d6TTINGEN) A short story of [&hellip;]<\/p>\n","protected":false},"author":2,"featured_media":0,"parent":0,"menu_order":0,"comment_status":"closed","ping_status":"closed","template":"","meta":{"footnotes":""},"class_list":["post-636","page","type-page","status-publish","hentry"],"_links":{"self":[{"href":"https:\/\/einstein-website.de\/en\/wp-json\/wp\/v2\/pages\/636"}],"collection":[{"href":"https:\/\/einstein-website.de\/en\/wp-json\/wp\/v2\/pages"}],"about":[{"href":"https:\/\/einstein-website.de\/en\/wp-json\/wp\/v2\/types\/page"}],"author":[{"embeddable":true,"href":"https:\/\/einstein-website.de\/en\/wp-json\/wp\/v2\/users\/2"}],"replies":[{"embeddable":true,"href":"https:\/\/einstein-website.de\/en\/wp-json\/wp\/v2\/comments?post=636"}],"version-history":[{"count":1,"href":"https:\/\/einstein-website.de\/en\/wp-json\/wp\/v2\/pages\/636\/revisions"}],"predecessor-version":[{"id":2572,"href":"https:\/\/einstein-website.de\/en\/wp-json\/wp\/v2\/pages\/636\/revisions\/2572"}],"wp:attachment":[{"href":"https:\/\/einstein-website.de\/en\/wp-json\/wp\/v2\/media?parent=636"}],"curies":[{"name":"wp","href":"https:\/\/api.w.org\/{rel}","templated":true}]}}