{"id":633,"date":"2021-12-19T13:55:08","date_gmt":"2021-12-19T12:55:08","guid":{"rendered":"http:\/\/testik.de\/einstein-website.de\/en\/?page_id=633"},"modified":"2023-02-26T08:45:03","modified_gmt":"2023-02-26T07:45:03","slug":"society-for-natural-sciences-bern","status":"publish","type":"page","link":"https:\/\/einstein-website.de\/en\/society-for-natural-sciences-bern\/","title":{"rendered":"Society for Natural Sciences, Bern"},"content":{"rendered":"\n<div class=\"wp-block-columns is-layout-flex wp-container-core-columns-is-layout-1 wp-block-columns-is-layout-flex\">\n<div class=\"wp-block-column is-layout-flow wp-block-column-is-layout-flow\" style=\"flex-basis:9%\"><div class=\"wp-block-image\">\n<figure class=\"alignleft size-large\"><img loading=\"lazy\" decoding=\"async\" width=\"56\" height=\"56\" src=\"https:\/\/einstein-website.de\/en\/wp-content\/uploads\/sites\/3\/2021\/12\/ic_hd_information.png\" alt=\"\" class=\"wp-image-778\"\/><\/figure><\/div><\/div>\n\n\n\n<div class=\"wp-block-column is-layout-flow wp-block-column-is-layout-flow\" style=\"flex-basis:80%\">\n<p>Information<\/p>\n<\/div>\n\n\n\n<div class=\"wp-block-column is-layout-flow wp-block-column-is-layout-flow\" style=\"flex-basis:11%\"><a href=\"https:\/\/einstein-website.de\/\" title=\"DEUTSCH\"><img decoding=\"async\" src=\"https:\/\/einstein-website.de\/en\/wp-content\/plugins\/multisite-language-switcher\/flags\/de.png\" alt=\"de_DE\"\/> DEUTSCH<\/a><\/div>\n<\/div>\n\n\n\n<blockquote class=\"wp-block-quote is-layout-flow wp-block-quote-is-layout-flow\">\n<p>&#8220;\u2026 Sie k\u00f6nnen sich kaum vorstellen, wie erfreut ich dar\u00fcber war und bin, dass die<br>Berner Naturforschende Gesellschaft meiner so freundlich gedacht hat.&#8221;<\/p>\n<\/blockquote>\n\n\n\n<p class=\"has-text-align-right\">Einstein in seinem Dankesbrief f\u00fcr die Verleihung der Ehrenmitgliedschaft, Princeton 1937<\/p>\n\n\n\n<blockquote class=\"wp-block-quote is-layout-flow wp-block-quote-is-layout-flow\">\n<p>&#8220;\u2026 You can barely imagine how I appreciated and appreciate that the<br>Naturforschende Gesellschaft in Bern has thought of me so friendly.&#8221;<\/p>\n<\/blockquote>\n\n\n\n<p class=\"has-text-align-right\">Einstein in his thank-you letter for the award of the honorary membership, Princeton 1937<\/p>\n\n\n\n<div style=\"height:30px\" aria-hidden=\"true\" class=\"wp-block-spacer\"><\/div>\n\n\n\n<h2 class=\"wp-block-heading\">EINSTEIN AND THE NATURFORSCHENDE GESELLSCHAFT IN BERN<\/h2>\n\n\n\n<p>(Society for Natural Sciences, Bern)<\/p>\n\n\n\n<div style=\"height:10px\" aria-hidden=\"true\" class=\"wp-block-spacer\"><\/div>\n\n\n\n<p><strong>A short history of the Society<\/strong><\/p>\n\n\n\n<p>&#8220;The Naturforschende Gesellschaft in Bern (NGB) was founded at the time of the enlightenment as visible testimony for the growing interest in natural sciences which developed fast.&#8221;<\/p>\n\n\n\n<p>On December 18, 1786 the seven foundation members of the &#8220;private society of scientific research friends in Bern&#8221; met for the first time in the house of <strong>Jakob Samuel Wyttenbach<\/strong> (1748-1830), the vicar at the Church of the Holy Ghost in Bern. The meetings of the scientifically interested persons took now place every week. From now on they conveyed and exchanged scientific knowledge. This private society developed into the <strong><em>Naturforschende Gesellschaft in Bern<\/em><\/strong>. In 1815 the Bern society was integrated into the newly founded <em>Swiss Scientific Society (<\/em>today:<em> Swiss Academy of Sciences<\/em>) as subsidiary. The members in the first years were only men with the most different occupations. Beginning in 1908 the first women were registered in the members\u2018 lists. In Bern the topics reached from natural history to the exact science, for example botanic, geology, geography, mathematics, physics, techniques, chemistry, meteorology, astronomy, physiology and zoology, to just name a few.<\/p>\n\n\n\n<p class=\"has-text-align-right\">Naturforschende Gesellschaft in Bern, <a href=\"https:\/\/ngbe.ch\/\" target=\"_blank\" rel=\"noreferrer noopener\">www.ngbe.ch<\/a><\/p>\n\n\n\n<div style=\"height:10px\" aria-hidden=\"true\" class=\"wp-block-spacer\"><\/div>\n\n\n\n<p>One of the most famous members of the society in Bern was Albert Einstein.<\/p>\n\n\n\n<div style=\"height:10px\" aria-hidden=\"true\" class=\"wp-block-spacer\"><\/div>\n\n\n\n<p><strong>Albert Einstein and the Naturforschende Gesellschaft in Bern<\/strong><\/p>\n\n\n\n<p>It was <strong>Dr. Josef Sauter<\/strong> (1871-1961), member of the Naturforschende Gesellschaft in Bern and colleague from the patent office, who invited the young Einstein as guest to a meeting of the Society in the autumn of 1902. This meeting took place in the hotel &#8220;Storchen&#8221; in Spitalgasse 21 in Bern. Einstein must have liked the members, the kind of the lectures and the subsequent discussions and talks, as on the session dated May 2, 1903 &#8220;Mr. Alb. Einstein, mathematician at the patent office&#8221;, as mentioned in the minutes, became a member of the Naturforschende Gesellschaft in Bern. Another entry in the minutes of this evening mentions the lecture of <strong>Dr. Paul Gruner<\/strong> (1869-1957) who talked about &#8220;Newer examinations concerning atmospheric electricity&#8221;. This lecture as well as the lecturer made a sustainable impression on the young and curious Einstein, who probably also participated in the subsequent discussion. Based on the minutes we can see that Einstein regularly visited the events of the society in the following time. On December 5, 1903 he himself held a lecture for the first time. He was talking in front of the members of the society about &#8220;The theory of the electromagnetic waves&#8221;. <strong>Michele Besso<\/strong> (1873-1955), a colleague from the patent office in Bern and one of his friends also became a member of the society on March 4, 1905. Einstein had introduced him as a guest on February 18. The young Einstein was especially impressed by the physician professor <strong>Hermann Sahli<\/strong> (1856-1933) who, next to Michele Besso, actively participated in the discussions. Sahli combined best scientific and philosophic thinking at its best. Many years later Einstein still was impressed &#8220;by the often wonderful remarks&#8221; which professor Sahli made during the meetings of the society.<\/p>\n\n\n\n<div style=\"height:10px\" aria-hidden=\"true\" class=\"wp-block-spacer\"><\/div>\n\n\n\n<p>In the<em> &#8220;News of the Naturforschende Gesellschaft Bern, No. 1038&#8221; <\/em>a reference is made to another lecture of Einstein:<\/p>\n\n\n\n<div style=\"height:10px\" aria-hidden=\"true\" class=\"wp-block-spacer\"><\/div>\n\n\n\n<p class=\"has-text-align-center\">&#8220;<strong>1038. Sitzung vom 23. M\u00e4rz 1907.<\/strong><br>Abends 8 Uhr im Storchen.<\/p>\n\n\n\n<div style=\"height:10px\" aria-hidden=\"true\" class=\"wp-block-spacer\"><\/div>\n\n\n\n<p>Vorsitzender: Herr Ed. Fischer. Anwesend: 20 Mitglieder und G\u00e4ste.<\/p>\n\n\n\n<p><br>1. Herr<strong> A. Einstein<\/strong> spricht <strong>&#8220;\u00dcber die Natur der Bewegungen mikroskopisch kleiner, in Fl\u00fcssigkeiten suspendierter Teilchen.&#8221;<\/strong><br>Mikroskopisch kleine, in Fl\u00fcssigkeiten suspendierte leblose Teilchen (z. B. von der Gr\u00f6\u00dfenordnung 0,001 mm Durchmesser) f\u00fchren unregelm\u00e4\u00dfige Bewegungen aus, welche desto lebhafter sind, je kleiner der Teilchendurchmesser und die Viskosit\u00e4t der Fl\u00fcssigkeit und je h\u00f6her die Temperatur ist (Brown&#8217;sche Bewegung). Nach kurzer Darlegung verschiedener Erkl\u00e4rungsversuche wird vom Vortragenden mit Hilfe der kinetischen Theorie der W\u00e4rme auf elementarem Wege eine einfache Formel f\u00fcr die von den Teilchen zur\u00fcckgelegten Wegstrecken abgeleitet. (Autoreferat.)<br>Weiteres dar\u00fcber siehe: Ann. d. Physik 4. 17 1905, pag. 549.         Ann. d. Physik 4. 19 1906, pag. 371.<\/p>\n\n\n\n<p>2. Herr <strong>W. Rytz<\/strong> spricht \u00fcber <strong>&#8220;Beitr\u00e4ge zur Kientaler-Pilzflora.&#8221;<\/strong> (Siehe die Abhandlungen dieses Bandes.)&#8221;<\/p>\n\n\n\n<div style=\"height:10px\" aria-hidden=\"true\" class=\"wp-block-spacer\"><\/div>\n\n\n\n<div style=\"height:10px\" aria-hidden=\"true\" class=\"wp-block-spacer\"><\/div>\n\n\n\n<p><span style=\"text-decoration: underline\"><strong>Translation<\/strong>:<\/span><\/p>\n\n\n\n<p class=\"has-text-align-center\">&#8220;<strong>1038. Meeting dated March 23, 1907.<\/strong><br>8 o\u2019clock in the evening in the Storchen.<\/p>\n\n\n\n<div style=\"height:10px\" aria-hidden=\"true\" class=\"wp-block-spacer\"><\/div>\n\n\n\n<p>Chairman: Mr. Ed. Fischer.                                                       Attendees: 20 members and guests.<\/p>\n\n\n\n<div style=\"height:10px\" aria-hidden=\"true\" class=\"wp-block-spacer\"><\/div>\n\n\n\n<p>1. Mr. <strong>A. Einstein<\/strong> talks <strong>&#8220;About the nature of motions of microscopically small parts which are suspended in liquids.&#8221;<\/strong><br>Microscopically small non-living parts which were suspended in liquids (e.g. with a diameter of 0.001 mm) move irregularly, and are all the more vivid the smaller the diameter of the parts and the viscosity of the liquid and the higher the temperature (Brownian motion). After a short explanation of different attempts to explain, the lecturer derives a simple formula for the distances the parts are traveling, i.e. with the help of the kinetic theory of heat. (auto-abstract.)<br>Further information see: Ann. of Physics 4. 17 1905, pag. 549.<br>Ann. of Physics 4. 19 1906, pag. 371.<\/p>\n\n\n\n<p>2. Mr. <strong>W. Rytz<\/strong> speaks about <strong>&#8220;Contributions to the Kientaler mycology.&#8221;<\/strong> (See the essays of this volume.)&#8221;<\/p>\n\n\n\n<div style=\"height:10px\" aria-hidden=\"true\" class=\"wp-block-spacer\"><\/div>\n\n\n\n<p>After Einstein\u2019s lecture and to his joy professor Hermann Sahli and Michele Besso again participated very actively in the subsequent discussion.<\/p>\n\n\n\n<p>During the ceremonial act on December 9, 1936 in the auditorium of the college and on the occasion of the 150 year ceremony of the Naturforschende Gesellschaft, Albert Einstein and other personalities were appointed as honorary members. Einstein was sent the honorary deed and gave his thanks immediately after its receipt with a letter to the back then president of the society, professor of zoology <strong>Fritz Richard Baltzer<\/strong> (1884-1974).<\/p>\n\n\n\n<div style=\"height:10px\" aria-hidden=\"true\" class=\"wp-block-spacer\"><\/div>\n\n\n\n<p><strong><span style=\"text-decoration: underline\">Copy of Albert Einstein\u2018s honorary deed of the Naturforschende Gesellschaft in Bern, 1936:<\/span><\/strong><\/p>\n\n\n\n<div style=\"height:10px\" aria-hidden=\"true\" class=\"wp-block-spacer\"><\/div>\n\n\n<div class=\"wp-block-image\">\n<figure class=\"aligncenter size-large\"><img loading=\"lazy\" decoding=\"async\" width=\"566\" height=\"816\" src=\"https:\/\/einstein-website.de\/en\/wp-content\/uploads\/sites\/3\/2021\/12\/z-bern.png\" alt=\"\" class=\"wp-image-715\" srcset=\"https:\/\/einstein-website.de\/en\/wp-content\/uploads\/sites\/2\/2021\/12\/z-bern.png 566w, https:\/\/einstein-website.de\/en\/wp-content\/uploads\/sites\/2\/2021\/12\/z-bern-208x300.png 208w\" sizes=\"(max-width: 566px) 100vw, 566px\" \/><\/figure><\/div>\n\n\n<div style=\"height:10px\" aria-hidden=\"true\" class=\"wp-block-spacer\"><\/div>\n\n\n\n<p><span style=\"text-decoration: underline\">Translation:<\/span><\/p>\n\n\n<div class=\"wp-block-image\">\n<figure class=\"aligncenter size-large\"><img loading=\"lazy\" decoding=\"async\" width=\"564\" height=\"779\" src=\"https:\/\/einstein-website.de\/en\/wp-content\/uploads\/sites\/3\/2021\/12\/z-bern-en.png\" alt=\"\" class=\"wp-image-716\" srcset=\"https:\/\/einstein-website.de\/en\/wp-content\/uploads\/sites\/2\/2021\/12\/z-bern-en.png 564w, https:\/\/einstein-website.de\/en\/wp-content\/uploads\/sites\/2\/2021\/12\/z-bern-en-217x300.png 217w\" sizes=\"(max-width: 564px) 100vw, 564px\" \/><\/figure><\/div>\n\n\n<div style=\"height:10px\" aria-hidden=\"true\" class=\"wp-block-spacer\"><\/div>\n\n\n\n<p>Signed by <strong>Hans Adrian<\/strong> as secretary of the society as well as by <strong>Fritz Richard Baltzer<\/strong>, the President.<\/p>\n\n\n\n<div style=\"height:10px\" aria-hidden=\"true\" class=\"wp-block-spacer\"><\/div>\n\n\n\n<p><strong><span style=\"text-decoration: underline\">Copy of the thank-you letter Einstein wrote on the occasion of the award of the honorary membership:<\/span><\/strong><\/p>\n\n\n\n<div style=\"height:10px\" aria-hidden=\"true\" class=\"wp-block-spacer\"><\/div>\n\n\n\n<hr class=\"wp-block-separator has-css-opacity\"\/>\n\n\n\n<div style=\"height:10px\" aria-hidden=\"true\" class=\"wp-block-spacer\"><\/div>\n\n\n\n<p class=\"has-text-align-right\"><mark style=\"background-color:rgba(0, 0, 0, 0)\" class=\"has-inline-color has-vivid-cyan-blue-color\">&#8220;Princeton 4.1.37.<\/mark><\/p>\n\n\n\n<p><mark style=\"background-color:rgba(0, 0, 0, 0)\" class=\"has-inline-color has-vivid-cyan-blue-color\">Herrn Prof. F. Baltzer, Bern.<\/mark><\/p>\n\n\n\n<p><mark style=\"background-color:rgba(0, 0, 0, 0)\" class=\"has-inline-color has-vivid-cyan-blue-color\">Hoch geehrter Herr Kollege!<\/mark><\/p>\n\n\n\n<p><mark style=\"background-color:rgba(0, 0, 0, 0)\" class=\"has-inline-color has-vivid-cyan-blue-color\">Sie k\u00f6nnen sich kaum vorstellen, wie erfreut ich dar\u00fcber war und bin, dass die Berner naturforschende Gesellschaft meiner so freundlich gedacht hat. Es war sozusagen eine Botschaft aus den Tagen einer l\u00e4ngst entschwundenen Jugend. Die gem\u00fctlichen und anregenden Abende steigen wieder auf in meinem Ged\u00e4chtnis und besonders die oft wunderbaren Bemerkungen, die Prof. Sahli, der innere Mediziner zu den Vortr\u00e4gen zu machen pflegte. Ich habe das Dokument gleich einrahmen lassen und als Einziges von allen Anerkennungen entsprechender Art in meinem Studierzimmer aufgeh\u00e4ngt als Erinnerungszeichen an meine Berner Zeit und die dortigen Freunde.<\/mark><br><mark style=\"background-color:rgba(0, 0, 0, 0)\" class=\"has-inline-color has-vivid-cyan-blue-color\">Ich bitte Sie der Gesellschaft meinen herzlichen Dank zu \u00fcbermitteln und ihr zu sagen, wie hoch ich die mir erwiesene Freundlichkeit sch\u00e4tze.<\/mark><br><mark style=\"background-color:rgba(0, 0, 0, 0)\" class=\"has-inline-color has-vivid-cyan-blue-color\">An Sie pers\u00f6nlich glaube ich mich auch noch gut zu erinnern. Es ist mir, als wenn ich von Ihnen einen interessanten Vortrag \u00fcber die Decken &#8211; Ueberschiebungs &#8211; Theorie geh\u00f6rt h\u00e4tte, bin aber nicht ganz sicher.<\/mark><\/p>\n\n\n\n<p><mark style=\"background-color:rgba(0, 0, 0, 0)\" class=\"has-inline-color has-vivid-cyan-blue-color\">Mit freundlichem Dank und aller Hochachtung <\/mark><\/p>\n\n\n\n<p class=\"has-text-align-center\"><mark style=\"background-color:rgba(0, 0, 0, 0)\" class=\"has-inline-color has-vivid-cyan-blue-color\">Ihr<\/mark><\/p>\n\n\n\n<p class=\"has-text-align-center\">                                                   <span class=\"has-inline-color has-vivid-cyan-blue-color\">A. Einstein.&#8221;<\/span><\/p>\n\n\n\n<div style=\"height:10px\" aria-hidden=\"true\" class=\"wp-block-spacer\"><\/div>\n\n\n\n<hr class=\"wp-block-separator has-css-opacity\"\/>\n\n\n\n<div style=\"height:10px\" aria-hidden=\"true\" class=\"wp-block-spacer\"><\/div>\n\n\n\n<p><span style=\"text-decoration: underline\">Translation:<\/span><\/p>\n\n\n\n<p class=\"has-text-align-right\"><mark style=\"background-color:rgba(0, 0, 0, 0)\" class=\"has-inline-color has-vivid-cyan-blue-color\">&#8220;Princeton January 4, 37.<\/mark><\/p>\n\n\n\n<p><mark style=\"background-color:rgba(0, 0, 0, 0)\" class=\"has-inline-color has-vivid-cyan-blue-color\">Prof. F. Baltzer, Bern.<\/mark><\/p>\n\n\n\n<p><mark style=\"background-color:rgba(0, 0, 0, 0)\" class=\"has-inline-color has-vivid-cyan-blue-color\">Highly estimated colleague! <\/mark><\/p>\n\n\n\n<p><mark style=\"background-color:rgba(0, 0, 0, 0)\" class=\"has-inline-color has-vivid-cyan-blue-color\">You can hardly imagine how happy I was and am that the Bern Naturforschende Gesellschaft has thought of me so friendly. It was so to speak a message from the days of a long gone youth. The comfortable and exciting evenings are coming to my mind again and especially the often wonderful remarks which Prof. Sahli, the internal physician always made to the lectures. I had the document framed immediately and hung it up in my study room as the only one of all recognitions of this kind as reminder of my time in Bern and of the friends I had there.<\/mark><br><mark style=\"background-color:rgba(0, 0, 0, 0)\" class=\"has-inline-color has-vivid-cyan-blue-color\">I am asking you to convey the society my cordial thanks and to tell it how high I estimate its friendliness.<\/mark><br><mark style=\"background-color:rgba(0, 0, 0, 0)\" class=\"has-inline-color has-vivid-cyan-blue-color\">I think I can remember you personally very well. It seems to me as if I had heard a very interesting lecture of you about the nappe theory, however, I am not really sure.<\/mark><\/p>\n\n\n\n<p><mark style=\"background-color:rgba(0, 0, 0, 0)\" class=\"has-inline-color has-vivid-cyan-blue-color\">With all my thanks and my esteem<\/mark><\/p>\n\n\n\n<p class=\"has-text-align-center\"><mark style=\"background-color:rgba(0, 0, 0, 0)\" class=\"has-inline-color has-vivid-cyan-blue-color\">Your<\/mark><\/p>\n\n\n\n<p class=\"has-text-align-center\">                                   <span class=\"has-inline-color has-vivid-cyan-blue-color\">A. Einstein.&#8221;<\/span><\/p>\n\n\n\n<div style=\"height:10px\" aria-hidden=\"true\" class=\"wp-block-spacer\"><\/div>\n\n\n\n<hr class=\"wp-block-separator has-css-opacity\"\/>\n\n\n\n<div style=\"height:10px\" aria-hidden=\"true\" class=\"wp-block-spacer\"><\/div>\n\n\n\n<p>In the letter Einstein mixes up father and son in his personal recollection. It was not the current President of the society Fritz Richard Baltzer, but his father, the geologist and mineralogist <strong>Armin Richard Baltzer<\/strong> (1842-1913) who 1907 held the lecture &#8220;About the new theory of the folding up of the Alps (nappe theory)&#8221; which Einstein mentioned.<\/p>\n\n\n\n<p>Einstein maintained the contacts to the <em>Naturforschende Gesellschaft<\/em> and to single members, as he still wrote letters for many years after his time in Bern. His membership in the <em><strong>Naturforschende Gesellschaft in Bern<\/strong><\/em> ended only with his death on April 18, 1955.<\/p>\n\n\n\n<div style=\"height:10px\" aria-hidden=\"true\" class=\"wp-block-spacer\"><\/div>\n\n\n\n<p><strong><span style=\"text-decoration: underline\">Bibliography:<\/span><\/strong><\/p>\n\n\n\n<figure class=\"wp-block-table alignleft is-style-regular keinbalken\" id=\"table4\"><table class=\"has-fixed-layout\"><tbody><tr><td>Hrsg. John Stachel, David C. Cassidy, <br>J\u00fcrgen Renn, Robert Schulmann<\/td><td><strong><em>The Collected Papers of Albert Einstein, Volume 2<\/em><\/strong><\/td><td>Princeton 1989<\/td><\/tr><tr><td>Hrsg. Martin J. Klein, A. J. Kox, <br>Robert Schulmann<\/td><td><strong><em>The Collected Papers of Albert Einstein, Volume 5<\/em><\/strong><\/td><td>Princeton 1993<\/td><\/tr><tr><td>Max Fl\u00fcckiger<\/td><td><em><strong>Albert Einstein in Bern<\/strong><\/em><\/td><td>Bern 1974<\/td><\/tr><tr><td>Ann M. Hentschel, Gerd Gra\u00dfhoff<\/td><td><strong><em>Albert Einstein &#8220;Jene gl\u00fccklichen Berner Jahre&#8221;<\/em><\/strong><\/td><td>Bern 2005<\/td><\/tr><\/tbody><\/table><\/figure>\n\n\n\n<p><\/p>\n","protected":false},"excerpt":{"rendered":"<p>&#8220;\u2026 Sie k\u00f6nnen sich kaum vorstellen, wie erfreut ich dar\u00fcber war und bin, dass dieBerner Naturforschende Gesellschaft meiner so freundlich gedacht hat.&#8221; Einstein in seinem Dankesbrief f\u00fcr die Verleihung der Ehrenmitgliedschaft, Princeton 1937 &#8220;\u2026 You can barely imagine how I appreciated and appreciate that theNaturforschende Gesellschaft in Bern has thought of me so friendly.&#8221; Einstein [&hellip;]<\/p>\n","protected":false},"author":2,"featured_media":0,"parent":0,"menu_order":0,"comment_status":"closed","ping_status":"closed","template":"","meta":{"footnotes":""},"class_list":["post-633","page","type-page","status-publish","hentry"],"_links":{"self":[{"href":"https:\/\/einstein-website.de\/en\/wp-json\/wp\/v2\/pages\/633"}],"collection":[{"href":"https:\/\/einstein-website.de\/en\/wp-json\/wp\/v2\/pages"}],"about":[{"href":"https:\/\/einstein-website.de\/en\/wp-json\/wp\/v2\/types\/page"}],"author":[{"embeddable":true,"href":"https:\/\/einstein-website.de\/en\/wp-json\/wp\/v2\/users\/2"}],"replies":[{"embeddable":true,"href":"https:\/\/einstein-website.de\/en\/wp-json\/wp\/v2\/comments?post=633"}],"version-history":[{"count":1,"href":"https:\/\/einstein-website.de\/en\/wp-json\/wp\/v2\/pages\/633\/revisions"}],"predecessor-version":[{"id":2576,"href":"https:\/\/einstein-website.de\/en\/wp-json\/wp\/v2\/pages\/633\/revisions\/2576"}],"wp:attachment":[{"href":"https:\/\/einstein-website.de\/en\/wp-json\/wp\/v2\/media?parent=633"}],"curies":[{"name":"wp","href":"https:\/\/api.w.org\/{rel}","templated":true}]}}