{"id":61,"date":"2021-10-21T11:53:04","date_gmt":"2021-10-21T09:53:04","guid":{"rendered":"http:\/\/testik.de\/einstein-website.de\/en\/?page_id=61"},"modified":"2023-02-25T07:56:21","modified_gmt":"2023-02-25T06:56:21","slug":"sound-document","status":"publish","type":"page","link":"https:\/\/einstein-website.de\/en\/sound-document\/","title":{"rendered":"Sound Document"},"content":{"rendered":"\n<div class=\"wp-block-columns is-layout-flex wp-container-core-columns-is-layout-1 wp-block-columns-is-layout-flex\">\n<div class=\"wp-block-column is-vertically-aligned-top is-layout-flow wp-block-column-is-layout-flow\" style=\"flex-basis:9%\">\n<div class=\"wp-block-image\"><figure class=\"alignleft size-large is-resized\"><img loading=\"lazy\" decoding=\"async\" src=\"https:\/\/einstein-website.de\/en\/wp-content\/uploads\/sites\/3\/2021\/12\/ic_hd_biografie.png\" alt=\"\" class=\"wp-image-759\" width=\"56\" height=\"56\" \/><\/figure><\/div>\n\n\n\n<p><\/p>\n<\/div>\n\n\n\n<div class=\"wp-block-column is-layout-flow wp-block-column-is-layout-flow\" style=\"flex-basis:79%\">\n<p>Biography<\/p>\n<\/div>\n\n\n\n<div class=\"wp-block-column is-layout-flow wp-block-column-is-layout-flow\" style=\"flex-basis:12%\"><a href=\"https:\/\/einstein-website.de\/\" title=\"DEUTSCH\"><img decoding=\"async\" src=\"https:\/\/einstein-website.de\/en\/wp-content\/plugins\/multisite-language-switcher\/flags\/de.png\" alt=\"de_DE\"\/> DEUTSCH<\/a><\/div>\n<\/div>\n\n\n\n<blockquote class=\"wp-block-quote is-layout-flow wp-block-quote-is-layout-flow\">\n<p>&#8220;The radio has to fulfil a special and unique function for international reconciliation.&#8221;<\/p>\n<\/blockquote>\n\n\n\n<p class=\"has-text-align-right\">Albert Einstein, 1930<\/p>\n\n\n\n<div style=\"height:30px\" aria-hidden=\"true\" class=\"wp-block-spacer\"><\/div>\n\n\n\n<h2 class=\"wp-block-heading\">SOUND DOCUMENT OF ALBERT EINSTEIN<\/h2>\n\n\n\n<div style=\"height:10px\" aria-hidden=\"true\" class=\"wp-block-spacer\"><\/div>\n\n\n\n<p>On August 22 in 1930 Albert Einstein held a speech on the exhibition site at the radio tower in Berlin-Charlottenburg at the opening of the 7. Deutsche Funkausstellung und Phonoschau (7th German Radio and Audio Show) in Berlin. The speech which was broadcast via radio was held at stormy weather and near the trams rattling along in the open. Both these unfavourable circumstances and the technical imperfection of the back then sound recording are reflected in the sound quality which can be listened to here.<\/p>\n\n\n\n<p>Despite the shortness of the sound document Einstein\u2019s simple way of lecturing can be recognized. It is pepped up with little jokes. His slightly south German dialect can be heard well, too. Einstein received vivid applause at the end of his speech.<\/p>\n\n\n\n<div class=\"wp-block-columns is-layout-flex wp-container-core-columns-is-layout-2 wp-block-columns-is-layout-flex\">\n<div class=\"wp-block-column is-vertically-aligned-center is-layout-flow wp-block-column-is-layout-flow\">\n<p><strong><span style=\"text-decoration: underline\">Sound document:<\/span><\/strong><\/p>\n\n\n\n<figure class=\"wp-block-audio\"><audio controlsList=\"nodownload\" controls src=\"https:\/\/einstein-website.de\/en\/wp-content\/uploads\/sites\/3\/2021\/12\/einstein1930.mp3\"><\/audio><\/figure>\n\n\n\n<div style=\"height:20px\" aria-hidden=\"true\" class=\"wp-block-spacer\"><\/div>\n\n\n\n<p>Excerpts from Albert Einstein\u2019s speech on the occasion of the opening of the 7th German Radio and Audio Show in Berlin on August 22 in 1930. (Excerpt: 54 seconds, <strong>in German<\/strong>)<\/p>\n\n\n\n<p>Courtesy of the <a href=\"http:\/\/dra.de\/\" target=\"_blank\" rel=\"noreferrer noopener\">Deutsches Rundfunkarchiv<\/a>, Frankfurt on the Main.<\/p>\n<\/div>\n\n\n\n<div class=\"wp-block-column is-layout-flow wp-block-column-is-layout-flow\"><div class=\"wp-block-image\">\n<figure class=\"aligncenter size-large\"><img loading=\"lazy\" decoding=\"async\" width=\"194\" height=\"267\" src=\"https:\/\/einstein-website.de\/en\/wp-content\/uploads\/sites\/3\/2021\/12\/AE-Funkausstellung-1930.jpg\" alt=\"\" class=\"wp-image-437\"\/><figcaption class=\"wp-element-caption\">Albert Einstein on occasion of the opening of the Radio Show in 1930<\/figcaption><\/figure><\/div><\/div>\n<\/div>\n\n\n\n<p><strong>Original text of Einstein\u2019s speech<\/strong><\/p>\n\n\n\n<p>Those parts in the sound document which are marked <span class=\"has-inline-color has-vivid-cyan-blue-color\">blue<\/span> can be listened to (<strong>in German<\/strong>).<\/p>\n\n\n\n<p><mark style=\"background-color:rgba(0, 0, 0, 0)\" class=\"has-inline-color has-vivid-cyan-blue-color\">&#8220;Ladies and Gentlemen who are present and who are not!<\/mark><\/p>\n\n\n\n<p><mark style=\"background-color:rgba(0, 0, 0, 0)\" class=\"has-inline-color has-vivid-cyan-blue-color\">When you hear the radio think also about the fact how people have come to possess such a wonderful tool of communication. The origin of all technical achievements is the divine curiosity and the play instinct of the working and thinking researcher as well as the constructive fantasy of the technical inventor.<\/mark><\/p>\n\n\n\n<p>Think of Oersted who as the first person noticed the magnetic effect of electric currents, of Reis who as the first one made use of this effect to generate sound by using electromagnetism, of Bell who as the first person converted sound waves into variable electric currents with his microphone by using sensitive contacts. Think also of Maxwell who showed us the existence of electric waves by using a mathematical way, of Hertz who as the first person generated them with the help of a spark and thus proved them. Think especially of Liebens who invented an unprecedented measuring instrument for electric pulses, the electric valve tube. It was also an ideal and simple instrument to generate electric waves. Think gratefully of the big number of unknown engineers who simplified the instruments of communication via radio and adapted them to mass production in such a fashion that they have become ready to be used by everybody nowadays.<\/p>\n\n\n\n<p><mark style=\"background-color:rgba(0, 0, 0, 0)\" class=\"has-inline-color has-vivid-cyan-blue-color\">And everybody should be ashamed who uses the wonders of science and engineering without thinking and having mentally realized not more of it than a cow realizes of the botany of the plants which it eats with pleasure.<\/mark><\/p>\n\n\n\n<p>Think also about the fact that it is the engineers who make true democracy possible. They facilitate not only the daily work of the people but also make the works of the finest thinkers and artists accessible to the public. The pleasure of these works had recently still been a privilege of the preferred classes. Thus the engineers wake the peoples from their sleepy bluntness.<\/p>\n\n\n\n<p>The radio has to fulfil a special and unique function for international reconciliation. Up to now peoples got to know each other almost only with the help of the distorting mirror of their own daily press. Radio shows them to each other in their most vivid form and mainly from their amicable side. Thus it will contribute to end the feeling of bilateral strangeness which so easily turns to mistrust and hostility.<\/p>\n\n\n\n<p>With this attitude look at the results of the creation which this exhibition offers the astonished senses of the visitors.&#8221;<\/p>\n\n\n\n<div style=\"height:40px\" aria-hidden=\"true\" class=\"wp-block-spacer\"><\/div>\n\n\n\n<p><strong><span style=\"text-decoration: underline\">Original text of Einstein&#8217;s speech in German:<\/span><\/strong><\/p>\n\n\n\n<p><mark style=\"background-color:rgba(0, 0, 0, 0)\" class=\"has-inline-color has-vivid-cyan-blue-color\">&#8220;Verehrte An- und Abwesende!<\/mark><\/p>\n\n\n\n<p><mark style=\"background-color:rgba(0, 0, 0, 0)\" class=\"has-inline-color has-vivid-cyan-blue-color\">Wenn Ihr den Rundfunk h\u00f6ret, so denkt auch daran, wie die Menschen in den Besitz dieses wunderbaren Werkzeuges der Mitteilung gekommen sind. Der Urquell aller technischen Errungenschaften ist die g\u00f6ttliche Neugier und der Spieltrieb des bastelnden und gr\u00fcbelnden Forschers und nicht minder die konstruktive Phantasie des technischen Erfinders.<\/mark><\/p>\n\n\n\n<p>Denkt an Oersted, der zuerst die magnetische Wirkung elektrischer Str\u00f6me bemerkte, an Reis, der diese Wirkung zuerst benutzte, um auf elektromagnetischem Wege Schall zu erzeugen, an Bell, der unter Benutzung empfindlicher Kontakte mit seinem Mikrophon zuerst Schallschwingungen in variable elektrische Str\u00f6me verwandelte. Denkt auch an Maxwell, der die Existenz elektrischer Wellen auf mathematischem Wege aufzeigte, an Hertz, der sie zuerst mit Hilfe des Funkens erzeugte und nachwies. Gedenket besonders auch Liebens, der in der elektrischen Ventilr\u00f6hre ein unvergleichliches Sp\u00fcrorgan f\u00fcr elektrische Schwingungen erdachte, das sich zugleich als ideal einfaches Instrument zur Erzeugung elektrischer Schwingungen herausstellte. Gedenket dankbar des Heeres namenloser Techniker, welche die Instrumente des Radio-Verkehres so vereinfachten und der Massenfabrikation anpassten, dass sie jedermann zug\u00e4nglich geworden sind.<\/p>\n\n\n\n<p><mark style=\"background-color:rgba(0, 0, 0, 0)\" class=\"has-inline-color has-vivid-cyan-blue-color\">Sollen sich auch alle sch\u00e4men, die gedankenlos sich der Wunder der Wissenschaft und Technik bedienen und nicht mehr davon geistig erfasst haben als die Kuh von der Botanik der Pflanzen, die sie mit Wohlbehagen frisst.<\/mark><\/p>\n\n\n\n<p>Denket auch daran, dass die Techniker es sind, die erst wahre Demokratie m\u00f6glich machen. Denn sie erleichtern nicht nur des Menschen Tagewerk, sondern machen auch die Werke der feinsten Denker und K\u00fcnstler, deren Genuss noch vor kurzem ein Privileg bevorzugter Klassen war, der Gesamtheit zug\u00e4nglich und erwecken so die V\u00f6lker aus schl\u00e4friger Stumpfheit.<\/p>\n\n\n\n<p>Was speziell den Rundfunk anlangt, so hat er eine einzigartige Funktion zu erf\u00fcllen im Sinne der V\u00f6lkervers\u00f6hnung. Bis auf unsere Tage lernten die V\u00f6lker einander fast ausschlie\u00dflich durch den verzerrenden Spiegel der eigenen Tagespresse kennen. Der Rundfunk zeigt sie einander in lebendigster Form und in der Hauptsache von der liebensw\u00fcrdigen Seite. Er wird so dazu beitragen, das Gef\u00fchl gegenseitiger Fremdheit auszutilgen, das so leicht in Misstrauen und Feindseligkeit umschl\u00e4gt.<\/p>\n\n\n\n<p>Betrachtet in dieser Gesinnung die Ergebnisse des Schaffens, welche diese Ausstellung den staunenden Sinnen des Besuchers darbietet.&#8221;<\/p>\n\n\n\n<div style=\"height:10px\" aria-hidden=\"true\" class=\"wp-block-spacer\"><\/div>\n\n\n\n<p><span style=\"text-decoration: underline\"><strong>Illustrations Credits:<\/strong><\/span><br>Courtesy of the <a rel=\"noreferrer noopener\" href=\"http:\/\/landesarchiv-berlin.de\/\" target=\"_blank\">Landesarchiv Berlin<\/a><\/p>\n","protected":false},"excerpt":{"rendered":"<p>&#8220;The radio has to fulfil a special and unique function for international reconciliation.&#8221; Albert Einstein, 1930 SOUND DOCUMENT OF ALBERT EINSTEIN On August 22 in 1930 Albert Einstein held a speech on the exhibition site at the radio tower in Berlin-Charlottenburg at the opening of the 7. Deutsche Funkausstellung und Phonoschau (7th German Radio and [&hellip;]<\/p>\n","protected":false},"author":2,"featured_media":0,"parent":0,"menu_order":0,"comment_status":"closed","ping_status":"closed","template":"","meta":{"footnotes":""},"class_list":["post-61","page","type-page","status-publish","hentry"],"_links":{"self":[{"href":"https:\/\/einstein-website.de\/en\/wp-json\/wp\/v2\/pages\/61"}],"collection":[{"href":"https:\/\/einstein-website.de\/en\/wp-json\/wp\/v2\/pages"}],"about":[{"href":"https:\/\/einstein-website.de\/en\/wp-json\/wp\/v2\/types\/page"}],"author":[{"embeddable":true,"href":"https:\/\/einstein-website.de\/en\/wp-json\/wp\/v2\/users\/2"}],"replies":[{"embeddable":true,"href":"https:\/\/einstein-website.de\/en\/wp-json\/wp\/v2\/comments?post=61"}],"version-history":[{"count":2,"href":"https:\/\/einstein-website.de\/en\/wp-json\/wp\/v2\/pages\/61\/revisions"}],"predecessor-version":[{"id":2520,"href":"https:\/\/einstein-website.de\/en\/wp-json\/wp\/v2\/pages\/61\/revisions\/2520"}],"wp:attachment":[{"href":"https:\/\/einstein-website.de\/en\/wp-json\/wp\/v2\/media?parent=61"}],"curies":[{"name":"wp","href":"https:\/\/api.w.org\/{rel}","templated":true}]}}