{"id":51,"date":"2021-10-21T11:51:33","date_gmt":"2021-10-21T09:51:33","guid":{"rendered":"http:\/\/testik.de\/einstein-website.de\/en\/?page_id=51"},"modified":"2023-02-25T07:53:20","modified_gmt":"2023-02-25T06:53:20","slug":"family-tree","status":"publish","type":"page","link":"https:\/\/einstein-website.de\/en\/family-tree\/","title":{"rendered":"Family tree"},"content":{"rendered":"\n<div class=\"wp-block-columns is-layout-flex wp-container-core-columns-is-layout-1 wp-block-columns-is-layout-flex\">\n<div class=\"wp-block-column is-vertically-aligned-top is-layout-flow wp-block-column-is-layout-flow\" style=\"flex-basis:9%\">\n<div class=\"wp-block-image\"><figure class=\"alignleft size-large is-resized\"><img loading=\"lazy\" decoding=\"async\" src=\"https:\/\/einstein-website.de\/en\/wp-content\/uploads\/sites\/3\/2021\/12\/ic_hd_biografie.png\" alt=\"\" class=\"wp-image-759\" width=\"56\" height=\"56\" \/><\/figure><\/div>\n\n\n\n<p><\/p>\n<\/div>\n\n\n\n<div class=\"wp-block-column is-layout-flow wp-block-column-is-layout-flow\" style=\"flex-basis:79%\">\n<p>Biography<\/p>\n<\/div>\n\n\n\n<div class=\"wp-block-column is-layout-flow wp-block-column-is-layout-flow\" style=\"flex-basis:12%\"><a href=\"https:\/\/einstein-website.de\/\" title=\"DEUTSCH\"><img decoding=\"async\" src=\"https:\/\/einstein-website.de\/en\/wp-content\/plugins\/multisite-language-switcher\/flags\/de.png\" alt=\"de_DE\"\/> DEUTSCH<\/a><\/div>\n<\/div>\n\n\n\n<blockquote class=\"wp-block-quote is-layout-flow wp-block-quote-is-layout-flow\">\n<p>&#8220;Ich bin ein richtiger &#8216;Einsp\u00e4nner&#8217;, der dem Staat, der Heimat, dem Freundeskreis, ja, selbst der engeren Familie nie mit ganzem Herzen angeh\u00f6rt hat, sondern all diesen Bindungen gegen\u00fcber ein nie sich legendes Gef\u00fchl der Fremdheit und des Bed\u00fcrfnisses nach Einsamkeit empfunden hat, ein Gef\u00fchl, das sich mit dem Lebensalter noch steigert.&#8221;<\/p>\n<\/blockquote>\n\n\n\n<blockquote class=\"wp-block-quote is-layout-flow wp-block-quote-is-layout-flow\">\n<p>\u201cI gang my own gait and have never belonged to my country, my home, my friends, or even my immediate family, with my whole heart; in the face of all these ties I have never lost an obstinate sense of detachment, of the need for solitude \u2013 a feeling which increases with the years.\u201d<\/p>\n<\/blockquote>\n\n\n\n<p class=\"has-text-align-right\">Albert Einstein, approx. 1930, excerpt from: Wie ich die Welt sehe (The world as I see it)<\/p>\n\n\n\n<div style=\"height:30px\" aria-hidden=\"true\" class=\"wp-block-spacer\"><\/div>\n\n\n\n<h2 class=\"wp-block-heading\">ALBERT EINSTEIN\u2018S FAMILY TREE<\/h2>\n\n\n\n<div style=\"height:10px\" aria-hidden=\"true\" class=\"wp-block-spacer\"><\/div>\n\n\n\n<p>The family tree which is shown here begins with Albert Einstein\u2018s great grandparents <strong>Rupert Einstein<\/strong> (1759-1834) and <strong>Rebecca Obernauer<\/strong> (1770-1853) and ends with Einstein\u2018s great grandsons and great granddaughter <strong>Thomas<\/strong>,<strong> Paul<\/strong>, <strong>Eduard<\/strong>,<strong> Mira<\/strong> and <strong>Charles Einstein<\/strong>. It consists exclusively of family members who are mentioned on the website <strong>Albert Einstein in the World Wide Web<\/strong> and lays no claim to completeness.<\/p>\n\n\n\n<div style=\"height:10px\" aria-hidden=\"true\" class=\"wp-block-spacer\"><\/div>\n\n\n<div class=\"wp-block-image is-style-default\">\n<figure class=\"aligncenter size-large is-resized\"><img loading=\"lazy\" decoding=\"async\" src=\"https:\/\/einstein-website.de\/en\/wp-content\/uploads\/sites\/3\/2022\/05\/Einstein_UB-815x1024.jpg\" alt=\"\" class=\"wp-image-2308\" width=\"359\" height=\"450\"\/><figcaption class=\"wp-element-caption\">1 Albert Einstein, painted by &#8220;Ursa&#8221; Bohstedt, 2020<\/figcaption><\/figure><\/div>\n\n\n<div style=\"height:10px\" aria-hidden=\"true\" class=\"wp-block-spacer\"><\/div>\n\n\n\n<p>Another branch in this family tree shows the Koch family. This family tree begins with <strong>Julius Koch<\/strong> (1816-1895) and <strong>Jette Bernheimer<\/strong> (1825-1886), Albert Einstein\u2018s great grandparents of the mother\u2019s family.<\/p>\n\n\n\n<div style=\"height:10px\" aria-hidden=\"true\" class=\"wp-block-spacer\"><\/div>\n\n\n<div class=\"wp-block-image\">\n<figure class=\"aligncenter size-large\"><img loading=\"lazy\" decoding=\"async\" width=\"458\" height=\"312\" src=\"https:\/\/einstein-website.de\/en\/wp-content\/uploads\/sites\/3\/2021\/12\/ausschnitt_stammbaum.jpg\" alt=\"\" class=\"wp-image-351\" srcset=\"https:\/\/einstein-website.de\/en\/wp-content\/uploads\/sites\/2\/2021\/12\/ausschnitt_stammbaum.jpg 458w, https:\/\/einstein-website.de\/en\/wp-content\/uploads\/sites\/2\/2021\/12\/ausschnitt_stammbaum-300x204.jpg 300w\" sizes=\"(max-width: 458px) 100vw, 458px\" \/><figcaption class=\"wp-element-caption\">2 Excerpt from Albert Einstein\u2018s family tree<\/figcaption><\/figure><\/div>\n\n\n<p><strong>Download:<\/strong><\/p>\n\n\n\n<div class=\"wp-block-file\"><a id=\"wp-block-file--media-799b2e65-6e65-4861-abf1-7eab7028d381\" href=\"https:\/\/einstein-website.de\/en\/wp-content\/uploads\/sites\/3\/2021\/12\/Stammbaum.pdf\" target=\"_blank\" rel=\"noreferrer noopener\">Einstein&#8217;s family tree<\/a><\/div>\n\n\n\n<p><em>Acrobat Reader required.<\/em><\/p>\n\n\n\n<div style=\"height:10px\" aria-hidden=\"true\" class=\"wp-block-spacer\"><\/div>\n\n\n\n<p><strong><span style=\"text-decoration: underline\">Illustrations Credits:<\/span><\/strong><br>Archive of the author: 1, 2<\/p>\n\n\n\n<p><strong><span style=\"text-decoration: underline\">Bibliography:<\/span><\/strong><\/p>\n\n\n\n<figure class=\"wp-block-table alignleft is-style-regular keinbalken\" id=\"table4\"><table class=\"has-fixed-layout\"><tbody><tr><td>Editors: D. C. Cassidy, M. J. Klein, A. J. Kox, <br>R. Schulmann, D. Kormos Buchwald, a.o.<\/td><td><strong><em>The Collected Papers of Albert Einstein, Volume 1-10<\/em><\/strong><\/td><td>Princeton 1987-2006<\/td><\/tr><tr><td>Editor: Hans Eugen Specker<\/td><td><em><strong>Forschungen zur Geschichte der Stadt Ulm,<\/strong><\/em><br><em><strong>Band 1, Einstein und Ulm<\/strong><\/em><\/td><td>Ulm 1979<\/td><\/tr><tr><td>Rudolf Moos<\/td><td><em><strong>Journey of Hope and Despair, Volume 1, Rise and Fall<\/strong><\/em><\/td><td>2010<\/td><\/tr><\/tbody><\/table><\/figure>\n\n\n\n<p><\/p>\n","protected":false},"excerpt":{"rendered":"<p>&#8220;Ich bin ein richtiger &#8216;Einsp\u00e4nner&#8217;, der dem Staat, der Heimat, dem Freundeskreis, ja, selbst der engeren Familie nie mit ganzem Herzen angeh\u00f6rt hat, sondern all diesen Bindungen gegen\u00fcber ein nie sich legendes Gef\u00fchl der Fremdheit und des Bed\u00fcrfnisses nach Einsamkeit empfunden hat, ein Gef\u00fchl, das sich mit dem Lebensalter noch steigert.&#8221; \u201cI gang my own [&hellip;]<\/p>\n","protected":false},"author":2,"featured_media":0,"parent":0,"menu_order":0,"comment_status":"closed","ping_status":"closed","template":"","meta":{"footnotes":""},"class_list":["post-51","page","type-page","status-publish","hentry"],"_links":{"self":[{"href":"https:\/\/einstein-website.de\/en\/wp-json\/wp\/v2\/pages\/51"}],"collection":[{"href":"https:\/\/einstein-website.de\/en\/wp-json\/wp\/v2\/pages"}],"about":[{"href":"https:\/\/einstein-website.de\/en\/wp-json\/wp\/v2\/types\/page"}],"author":[{"embeddable":true,"href":"https:\/\/einstein-website.de\/en\/wp-json\/wp\/v2\/users\/2"}],"replies":[{"embeddable":true,"href":"https:\/\/einstein-website.de\/en\/wp-json\/wp\/v2\/comments?post=51"}],"version-history":[{"count":1,"href":"https:\/\/einstein-website.de\/en\/wp-json\/wp\/v2\/pages\/51\/revisions"}],"predecessor-version":[{"id":2514,"href":"https:\/\/einstein-website.de\/en\/wp-json\/wp\/v2\/pages\/51\/revisions\/2514"}],"wp:attachment":[{"href":"https:\/\/einstein-website.de\/en\/wp-json\/wp\/v2\/media?parent=51"}],"curies":[{"name":"wp","href":"https:\/\/api.w.org\/{rel}","templated":true}]}}