{"id":145,"date":"2021-10-21T12:29:22","date_gmt":"2021-10-21T10:29:22","guid":{"rendered":"http:\/\/testik.de\/einstein-website.de\/en\/?page_id=145"},"modified":"2023-02-26T12:54:57","modified_gmt":"2023-02-26T11:54:57","slug":"intro-sound","status":"publish","type":"page","link":"https:\/\/einstein-website.de\/en\/intro-sound\/","title":{"rendered":"Intro (Sound)"},"content":{"rendered":"\n<div class=\"wp-block-columns is-layout-flex wp-container-core-columns-is-layout-1 wp-block-columns-is-layout-flex\">\n<div class=\"wp-block-column is-layout-flow wp-block-column-is-layout-flow\" style=\"flex-basis:9%\">\n<div class=\"wp-block-image\"><figure class=\"alignleft size-large\"><img loading=\"lazy\" decoding=\"async\" width=\"56\" height=\"56\" src=\"https:\/\/einstein-website.de\/en\/wp-content\/uploads\/sites\/3\/2021\/12\/ic_hd_ueber-website.png\" alt=\"\" class=\"wp-image-782\" \/><\/figure><\/div>\n\n\n\n<p><\/p>\n<\/div>\n\n\n\n<div class=\"wp-block-column is-layout-flow wp-block-column-is-layout-flow\" style=\"flex-basis:80%\">\n<p>About Einstein-Website<\/p>\n<\/div>\n\n\n\n<div class=\"wp-block-column is-layout-flow wp-block-column-is-layout-flow\" style=\"flex-basis:11%\"><a href=\"https:\/\/einstein-website.de\/\" title=\"DEUTSCH\"><img decoding=\"async\" src=\"https:\/\/einstein-website.de\/en\/wp-content\/plugins\/multisite-language-switcher\/flags\/de.png\" alt=\"de_DE\"\/> DEUTSCH<\/a><\/div>\n<\/div>\n\n\n\n<p><\/p>\n\n\n\n<blockquote class=\"wp-block-quote is-layout-flow wp-block-quote-is-layout-flow\">\n<p>&#8220;Nature hides her secret because of her essential loftiness, but not by means of ruse.&#8221;<\/p>\n<\/blockquote>\n\n\n\n<p class=\"has-text-align-right\">Albert Einstein, 1923<\/p>\n\n\n\n<div style=\"height:30px\" aria-hidden=\"true\" class=\"wp-block-spacer\"><\/div>\n\n\n\n<h2 class=\"wp-block-heading\">INTRO<\/h2>\n\n\n\n<div style=\"height:20px\" aria-hidden=\"true\" class=\"wp-block-spacer\"><\/div>\n\n\n\n<div style=\"height:10px\" aria-hidden=\"true\" class=\"wp-block-spacer\"><\/div>\n\n\n\n<div class=\"wp-block-columns is-layout-flex wp-container-core-columns-is-layout-2 wp-block-columns-is-layout-flex\">\n<div class=\"wp-block-column is-vertically-aligned-center is-layout-flow wp-block-column-is-layout-flow\">\n<p><span style=\"text-decoration: underline\">To the picture on the right side:<\/span><\/p>\n\n\n\n<p><em>&#8220;<\/em><em>This picture is based on data of the <strong>Meteosat<\/strong> satellite. It seems to always &#8220;stand&#8221; above the same point, because it rotates exactly with the rotation of the Earth. The satellite serves one of the typical space applications, i.e. observation of weather patterns and weather forecasts, including warnings of gale and thunderstorm.&#8221; (German Aerospace Center DLR)<\/em><\/p>\n<\/div>\n\n\n\n<div class=\"wp-block-column is-layout-flow wp-block-column-is-layout-flow\"><div class=\"wp-block-image\">\n<figure class=\"aligncenter size-large is-resized\"><img loading=\"lazy\" decoding=\"async\" src=\"https:\/\/einstein-website.de\/en\/wp-content\/uploads\/sites\/3\/2022\/05\/Erde.jpg\" alt=\"\" class=\"wp-image-2495\" width=\"349\" height=\"347\"\/><figcaption class=\"wp-element-caption\">1 The earth<\/figcaption><\/figure><\/div><\/div>\n<\/div>\n\n\n\n<hr class=\"wp-block-separator has-css-opacity is-style-default\"\/>\n\n\n\n<div style=\"height:30px\" aria-hidden=\"true\" class=\"wp-block-spacer\"><\/div>\n\n\n\n<div style=\"height:10px\" aria-hidden=\"true\" class=\"wp-block-spacer\"><\/div>\n\n\n\n<div class=\"wp-block-columns is-layout-flex wp-container-core-columns-is-layout-3 wp-block-columns-is-layout-flex\">\n<div class=\"wp-block-column is-vertically-aligned-center is-layout-flow wp-block-column-is-layout-flow\">\n<p><strong><span style=\"text-decoration: underline\">Sound document:<\/span>  Intro &#8211; in English<\/strong><\/p>\n\n\n\n<div style=\"height:10px\" aria-hidden=\"true\" class=\"wp-block-spacer\"><\/div>\n\n\n\n<figure class=\"wp-block-audio\"><audio controlsList=\"nodownload\" controls src=\"https:\/\/einstein-website.de\/en\/wp-content\/uploads\/sites\/3\/2022\/04\/english.mp3\"><\/audio><figcaption class=\"wp-element-caption\">(Sound archive of the author) &#8211; speaker: <strong>Miriam K\u00fcpper<\/strong><\/figcaption><\/figure>\n<\/div>\n\n\n\n<div class=\"wp-block-column is-layout-flow wp-block-column-is-layout-flow\">\n<p><em>Albert Einstein, the great thinker of modern times. He, who revolutionized the physics of his time and turned our understanding of space, time and gravitation upside down, was not only a great scientist but also a great man and a symbol for the peace and freedom in the world.<\/em><\/p>\n\n\n\n<p><em>This website shall inform about the fascinating life of this man.<\/em><\/p>\n\n\n\n<p><em>Immerse into an interesting and exciting life. Welcome to the internet portal \u201cAlbert Einstein in the World Wide Web\u201d.<\/em><\/p>\n<\/div>\n<\/div>\n\n\n\n<div style=\"height:150px\" aria-hidden=\"true\" class=\"wp-block-spacer\"><\/div>\n\n\n\n<div class=\"wp-block-columns is-layout-flex wp-container-core-columns-is-layout-4 wp-block-columns-is-layout-flex\">\n<div class=\"wp-block-column is-vertically-aligned-center is-layout-flow wp-block-column-is-layout-flow\">\n<p><strong>Sound document:  Intro &#8211; in German<\/strong><\/p>\n\n\n\n<div style=\"height:10px\" aria-hidden=\"true\" class=\"wp-block-spacer\"><\/div>\n\n\n\n<figure class=\"wp-block-audio\"><audio controlsList=\"nodownload\" controls src=\"https:\/\/einstein-website.de\/en\/wp-content\/uploads\/sites\/3\/2022\/05\/deutsch.mp3\"><\/audio><figcaption class=\"wp-element-caption\">(Sound archive of the author) &#8211; speaker: <strong>Miriam K\u00fcpper<\/strong><\/figcaption><\/figure>\n<\/div>\n\n\n\n<div class=\"wp-block-column is-layout-flow wp-block-column-is-layout-flow\">\n<p><em>Albert Einstein der gro\u00dfe Denker der Neuzeit. Er, der die Physik seiner Zeit revolutionierte und unser Verst\u00e4ndnis von Raum, Zeit und Gravitation grundlegend ver\u00e4nderte war nicht nur ein gro\u00dfer Naturwissenschaftler, er war auch ein gro\u00dfer Mensch und ein Symbol f\u00fcr den Frieden und Freiheit in der Welt.<\/em><\/p>\n\n\n\n<p><em>Die Intention dieser Internetseite ist es, \u00fcber das faszinierende Leben dieses Mannes zu informieren.<\/em><\/p>\n\n\n\n<p><em>Tauchen Sie also ein in ein interessantes und spannendes Leben. Willkommen im Internetportal \u201eAlbert Einstein in the World Wide Web\u201c.<\/em><\/p>\n<\/div>\n<\/div>\n\n\n\n<div style=\"height:50px\" aria-hidden=\"true\" class=\"wp-block-spacer\"><\/div>\n\n\n\n<p><strong><span style=\"text-decoration: underline\">Illustrations credits:<\/span><\/strong><br>German Aerospace Center DLR: 1<\/p>\n","protected":false},"excerpt":{"rendered":"<p>&#8220;Nature hides her secret because of her essential loftiness, but not by means of ruse.&#8221; Albert Einstein, 1923 INTRO To the picture on the right side: &#8220;This picture is based on data of the Meteosat satellite. It seems to always &#8220;stand&#8221; above the same point, because it rotates exactly with the rotation of the Earth. [&hellip;]<\/p>\n","protected":false},"author":2,"featured_media":0,"parent":0,"menu_order":0,"comment_status":"closed","ping_status":"closed","template":"","meta":{"footnotes":""},"class_list":["post-145","page","type-page","status-publish","hentry"],"_links":{"self":[{"href":"https:\/\/einstein-website.de\/en\/wp-json\/wp\/v2\/pages\/145"}],"collection":[{"href":"https:\/\/einstein-website.de\/en\/wp-json\/wp\/v2\/pages"}],"about":[{"href":"https:\/\/einstein-website.de\/en\/wp-json\/wp\/v2\/types\/page"}],"author":[{"embeddable":true,"href":"https:\/\/einstein-website.de\/en\/wp-json\/wp\/v2\/users\/2"}],"replies":[{"embeddable":true,"href":"https:\/\/einstein-website.de\/en\/wp-json\/wp\/v2\/comments?post=145"}],"version-history":[{"count":1,"href":"https:\/\/einstein-website.de\/en\/wp-json\/wp\/v2\/pages\/145\/revisions"}],"predecessor-version":[{"id":2589,"href":"https:\/\/einstein-website.de\/en\/wp-json\/wp\/v2\/pages\/145\/revisions\/2589"}],"wp:attachment":[{"href":"https:\/\/einstein-website.de\/en\/wp-json\/wp\/v2\/media?parent=145"}],"curies":[{"name":"wp","href":"https:\/\/api.w.org\/{rel}","templated":true}]}}