{"id":101,"date":"2021-10-21T12:07:32","date_gmt":"2021-10-21T10:07:32","guid":{"rendered":"http:\/\/testik.de\/einstein-website.de\/en\/?page_id=101"},"modified":"2023-02-25T17:27:07","modified_gmt":"2023-02-25T16:27:07","slug":"academies-and-societies","status":"publish","type":"page","link":"https:\/\/einstein-website.de\/en\/academies-and-societies\/","title":{"rendered":"Academies and societies"},"content":{"rendered":"\n<div class=\"wp-block-columns is-layout-flex wp-container-core-columns-is-layout-1 wp-block-columns-is-layout-flex\">\n<div class=\"wp-block-column is-layout-flow wp-block-column-is-layout-flow\" style=\"flex-basis:9%\"><div class=\"wp-block-image\">\n<figure class=\"alignleft size-large\"><img loading=\"lazy\" decoding=\"async\" width=\"56\" height=\"56\" src=\"https:\/\/einstein-website.de\/en\/wp-content\/uploads\/sites\/3\/2021\/12\/ic_hd_information.png\" alt=\"\" class=\"wp-image-778\"\/><\/figure><\/div><\/div>\n\n\n\n<div class=\"wp-block-column is-layout-flow wp-block-column-is-layout-flow\" style=\"flex-basis:80%\">\n<p>Information<\/p>\n<\/div>\n\n\n\n<div class=\"wp-block-column is-layout-flow wp-block-column-is-layout-flow\" style=\"flex-basis:11%\"><a href=\"https:\/\/einstein-website.de\/\" title=\"DEUTSCH\"><img decoding=\"async\" src=\"https:\/\/einstein-website.de\/en\/wp-content\/plugins\/multisite-language-switcher\/flags\/de.png\" alt=\"de_DE\"\/> DEUTSCH<\/a><\/div>\n<\/div>\n\n\n\n<blockquote class=\"wp-block-quote is-layout-flow wp-block-quote-is-layout-flow\">\n<p>&#8220;\u2026 Ich wurde Mitglied vieler wissenschaftlicher Gesellschaften,<br>und mehrere Medaillen wurden mir verliehen, \u2026&#8221;<\/p>\n\n\n\n<p>\u201d\u2026I became a member of many scientific societies and I was awarded many medals, \u2026\u201c<\/p>\n<\/blockquote>\n\n\n\n<p class=\"has-text-align-right\">Albert Einstein, Berlin 1932<\/p>\n\n\n\n<div style=\"height:30px\" aria-hidden=\"true\" class=\"wp-block-spacer\"><\/div>\n\n\n\n<h2 class=\"wp-block-heading\">ACADEMIES AND SOCIETIES<\/h2>\n\n\n\n<p><strong>Albert Einstein\u2018s membership in scientific academies and societies<\/strong><\/p>\n\n\n\n<div style=\"height:10px\" aria-hidden=\"true\" class=\"wp-block-spacer\"><\/div>\n\n\n\n<p>Albert Einstein was a member (full member, corresponding member, foreign member, honorary member) of many national and international scientific academies and societies such as the <strong>Preu\u00dfische Akademie der Wissenschaften zu Berlin (Prussian Academy of Sciences in Berlin)<\/strong> and the <strong>Kaiserlich Deutsche Akademie der Naturforscher zu Halle an der Saale (German Imperial Academy of Natural Scientists in Halle\/Saale).<\/strong><\/p>\n\n\n\n<div class=\"wp-block-columns is-layout-flex wp-container-core-columns-is-layout-2 wp-block-columns-is-layout-flex\">\n<div class=\"wp-block-column is-layout-flow wp-block-column-is-layout-flow\">\n<p>The young patent clerk Albert Einstein developed his first institutional scientific ideas in 1903. Reason therefore was the membership in scientific and physical societies in Switzerland, in the beginning in Bern and later also in Zurich.<br>As Einstein moved to Berlin in April 1914 he became among other things also a member of the <em>Preu\u00dfische Akademie der Wissenschaften (Prussian Academy of Sciences).<\/em><\/p>\n\n\n\n<p>After 1919 he became a member of ever more national and international academies and societies. One of the reasons for this increasing number of memberships was the confirmation of Einstein\u2019s prediction of the deviation of light in the gravitational field of the sun by the British astronomer <strong>Arthur Stanley Eddington<\/strong> (1882-1944) on May 29, 1919. This confirmation of the general theory of relativity made Einstein world-famous overnight. The myth Albert Einstein was born.<\/p>\n<\/div>\n\n\n\n<div class=\"wp-block-column is-vertically-aligned-center is-layout-flow wp-block-column-is-layout-flow\"><div class=\"wp-block-image\">\n<figure class=\"aligncenter size-large\"><img loading=\"lazy\" decoding=\"async\" width=\"353\" height=\"215\" src=\"https:\/\/einstein-website.de\/en\/wp-content\/uploads\/sites\/3\/2021\/12\/Ausschnitt_Selbstbiogr_1932.jpg\" alt=\"\" class=\"wp-image-444\" srcset=\"https:\/\/einstein-website.de\/en\/wp-content\/uploads\/sites\/2\/2021\/12\/Ausschnitt_Selbstbiogr_1932.jpg 353w, https:\/\/einstein-website.de\/en\/wp-content\/uploads\/sites\/2\/2021\/12\/Ausschnitt_Selbstbiogr_1932-300x183.jpg 300w\" sizes=\"(max-width: 353px) 100vw, 353px\" \/><figcaption class=\"wp-element-caption\">1 Handwritten questionnaire of Albert Einstein (excerpt) on<br>occasion of his admission to the academy, 1932<br>Leopoldina-Archiv, Bestand M 1 Matrikel, 3879<\/figcaption><\/figure><\/div><\/div>\n<\/div>\n\n\n\n<p>Albert Einstein then got more and more requests and in the following years he became a member of many national and international scientific institutions.<\/p>\n\n\n\n<p>In the following table you can see that Einstein\u2018s membership with all the German academies and societies ended in 1933. The reason were the political balance of power and the associated incidents in Nazi Germany after 1933. Einstein had already left Germany for good when he asked his friend and colleague, the German physicist and Nobel Prize laureate <strong>Max von Laue<\/strong> (1879-1960), in a letter dated June 5, 1933 to cancel the membership with all German scientific institutions for him. In the letter Einstein asked von Laue <span class=\"has-inline-color has-vivid-cyan-blue-color\">\u201edaf\u00fcr zu sorgen, dass sein Name aus den Verzeichnissen dieser K\u00f6rperschaft gestrichen wird [\u2026] Dieser Weg d\u00fcrfte der richtige sein, da so neue theatralische Effekte vermieden werden.\u201c &#8220;to make sure that his name be struck from the lists of these bodies [\u2026] This is probably the right way, because this way new theatrical effects are avoided.&#8221;<\/span> Einstein also cancelled his membership with the <em>Accademia Nazionale dei Lincei<\/em> on December 15, 1938, after the exclusion of its Jewish Italian members.<\/p>\n\n\n\n<p>However, at this point of time there were academies and societies which already had excluded Einstein from the respective community, among other things because of his Jewish roots and probably also due to political reasons.<\/p>\n\n\n\n<p>In 1933 Albert Einstein found a new home in the US. He lived in Princeton, New Jersey and worked at the Institute for Advanced Study. During the following years he became a member of ever more societies.<\/p>\n\n\n\n<p>For some of the named institutions Einstein was also awarded the honorary membership, such as on occasion of the 150th anniversary of the <em>Naturforschende Gesellschaft in Bern (Bern Society for Natural Sciences)<\/em> on November 21, 1936. In the certificate is says that the society <span class=\"has-inline-color has-vivid-cyan-blue-color\">&#8220;[\u2026] Herrn Professor Dr. Albert Einstein [\u2026] ihr ehemaliges aktives Mitglied [\u2026] zu ihrem Ehrenmitglied ernennt&#8221;.<br>\u201d[\u2026] appoints Professor Dr. Albert Einstein [\u2026] its former active member [\u2026] honorary member&#8221;.<\/span><\/p>\n\n\n\n<p>Post-war requests for a new membership in German institutions (1945) were rejected by Einstein. This also applies for a request of the German physicist <strong>Arnold Sommerfeld<\/strong> (1868-1951), who wanted to persuade Einstein to again become a member of the <em>Bayerische Akademie der Wissenschaften (Bavarian Academy of Sciences).<\/em> In Einstein\u2018s reply to Sommerfeld dated December 14, 1946, it reads: <span class=\"has-inline-color has-vivid-cyan-blue-color\">&#8220;[\u2026] will ich nichts mehr mit Deutschen zu tun haben, auch nichts mit einer relativ harmlosen Akademie. [\u2026]&#8221;<br>&#8220;[\u2026] I do not wish to have anything more to do with Germans, not even with a relatively harmless Academy. [\u2026]&#8221;.<\/span> Two requests of the <em>K\u00f6nigliche Gesellschaft der Wissenschaften zu G\u00f6ttingen (Royal Scientific Society, G\u00f6ttingen)<\/em> were not answered by Einstein.<\/p>\n\n\n\n<p>Though Einstein\u2018s membership in the academies and societies only existed on paper, in the later years this membership was kept over the years, even decades. Many memberships only ended with Einstein\u2019s death on April 18, 1955.<\/p>\n\n\n\n<div style=\"height:20px\" aria-hidden=\"true\" class=\"wp-block-spacer\"><\/div>\n\n\n\n<p><strong><span style=\"text-decoration: underline\">Selection:<\/span> Einstein\u2018s membership in national and international scientific institutions:<\/strong><\/p>\n\n\n\n<figure class=\"wp-block-table alignleft is-style-regular keinbalken\" id=\"table6\"><table class=\"has-fixed-layout\"><tbody><tr><td><strong>Country<\/strong><\/td><td><strong>Membership<\/strong><\/td><td><strong>Academy \/ Society<\/strong><\/td><\/tr><tr><td>&nbsp;<\/td><td>&nbsp;<\/td><td>&nbsp;<\/td><\/tr><tr><td>Switzerland<\/td><td>1903 &#8211; 1955<\/td><td>Naturforschende Gesellschaft in Bern<br>Society for Natural Sciences, Bern<\/td><\/tr><tr><td>&nbsp;<\/td><td>&nbsp;<\/td><td>&nbsp;<\/td><\/tr><tr><td>Switzerland<\/td><td>1909 &#8211; 1955<\/td><td>Physikalische Gesellschaft Z\u00fcrich<br>Physical Society Zurich<\/td><\/tr><tr><td>&nbsp;<\/td><td>&nbsp;<\/td><td>&nbsp;<\/td><\/tr><tr><td>Switzerland<\/td><td>1910 &#8211; 1955<\/td><td>Naturforschende Gesellschaft in Z\u00fcrich<br>Society for Natural Sciences, Zurich<\/td><\/tr><tr><td>&nbsp;<\/td><td>&nbsp;<\/td><td>&nbsp;<\/td><\/tr><tr><td>Germany<\/td><td>1913 &#8211; <strong>1933<\/strong><\/td><td>Deutsche Physikalische Gesellschaft<br>German Physical Society<\/td><\/tr><tr><td>&nbsp;<\/td><td>&nbsp;<\/td><td>&nbsp;<\/td><\/tr><tr><td>Germany<\/td><td>1914 &#8211; <strong>1933<\/strong><\/td><td>Preu\u00dfische Akademie der Wissenschaften zu Berlin<br>Prussian Academy of Sciences in Berlin<\/td><\/tr><tr><td>&nbsp;<\/td><td>&nbsp;<\/td><td>&nbsp;<\/td><\/tr><tr><td>Germany<\/td><td>1915 &#8211; <strong>1933<\/strong><\/td><td>K\u00f6nigliche Gesellschaft der Wissenschaften zu G\u00f6ttingen<br>Royal Scientific Society, G\u00f6ttingen<\/td><\/tr><tr><td>&nbsp;<\/td><td>&nbsp;<\/td><td>&nbsp;<\/td><\/tr><tr><td>Denmark<\/td><td>1920 &#8211; 1955<\/td><td>Det Kongelige Danske Videnskabernes Selskab<br>Royal Danish Academy of Sciences and Letters<\/td><\/tr><tr><td>&nbsp;<\/td><td>&nbsp;<\/td><td>&nbsp;<\/td><\/tr><tr><td>Netherlands<\/td><td>1920 &#8211; 1955<\/td><td>Koninklijke Nederlandse Akademie van Wetenschappen<br>Royal Academy of Sciences in Amsterdam<\/td><\/tr><tr><td>&nbsp;<\/td><td>&nbsp;<\/td><td>&nbsp;<\/td><\/tr><tr><td>Italy<\/td><td>1921 &#8211; <strong>1938<\/strong><br><strong>1946 <\/strong>&#8211; 1955<\/td><td>Accademia Nazionale dei Lincei<\/td><\/tr><tr><td>&nbsp;<\/td><td>&nbsp;<\/td><td>&nbsp;<\/td><\/tr><tr><td>Spain<\/td><td>1923 &#8211; 1955<\/td><td>Real Akademia de Ciencias Exactas, Fisicas y Naturales<br>Royal Academy of Exact, Physical and Natural Sciences<\/td><\/tr><tr><td>&nbsp;<\/td><td>&nbsp;<\/td><td>&nbsp;<\/td><\/tr><tr><td>Germany<\/td><td>1927 &#8211; <strong>1933<\/strong><\/td><td>Bayerische Akademie der Wissenschaften<br>Bavarian Academy of Sciences<\/td><\/tr><tr><td>&nbsp;<\/td><td>&nbsp;<\/td><td>&nbsp;<\/td><\/tr><tr><td>Germany<\/td><td>1932 &#8211; <strong>1933<\/strong><\/td><td>Kaiserlich Deutsche Akademie der Naturforscher zu Halle, Leopoldina<br>Imperial German Academy of Natural Scientists in Halle, Leopoldina<\/td><\/tr><\/tbody><\/table><\/figure>\n\n\n\n<div style=\"height:10px\" aria-hidden=\"true\" class=\"wp-block-spacer\"><\/div>\n\n\n\n<p><strong><span style=\"text-decoration: underline\">Illustrations credits:<\/span><\/strong><br>Courtesy of the <a rel=\"noreferrer noopener\" href=\"https:\/\/www.leopoldina.org\/en\/leopoldina-home\/\" target=\"_blank\">Deutsche Akademie der Naturforscher Leopoldina<\/a>: 1<\/p>\n\n\n\n<div style=\"height:10px\" aria-hidden=\"true\" class=\"wp-block-spacer\"><\/div>\n\n\n\n<p><strong><span style=\"text-decoration: underline\">Bibliography:<\/span><\/strong><\/p>\n\n\n\n<figure class=\"wp-block-table alignleft is-style-regular keinbalken\" id=\"table4\"><table class=\"has-fixed-layout\"><tbody><tr><td>Editors: D. C. Cassidy, M. J. Klein, A. J. Kox,<br>R. Schulmann, D. Kormos Buchwald, a.o.<\/td><td><strong><em>The Collected Papers of Albert Einstein, Volume 1-13<\/em><\/strong><\/td><td>Princeton 1987-2012<\/td><\/tr><tr><td>Deutsche Akademie der Naturforscher Leopoldina<\/td><td><strong>Festgabe zur Jahresversammlung 1979\/80 RAUM UND ZEIT<\/strong><br>ACTA HISTORICA LEOPOLDINA, Nr. 14<\/td><td>Halle\/Saale 1980<\/td><\/tr><tr><td>Max Fl\u00fcckiger<\/td><td><strong>Albert Einstein in Bern<\/strong><\/td><td>Bern 1974<\/td><\/tr><tr><td>Ann M. Hentschel, Gerd Gra\u00dfhoff, Karl Wolfgang Graff<\/td><td><strong>Albert Einstein &#8220;Jene gl\u00fccklichen Berner Jahre&#8221;<\/strong><\/td><td>Bern 2005<\/td><\/tr><tr><td>Robert Schulmann<br>(Editors: C. Dirks, H. Simon)<\/td><td><strong>Albert Einstein &#8211; ein politischer Jude<br><\/strong>(relativ j\u00fcdisch. Albert Einstein Jude, Zionist, Nonkonformist)<\/td><td>Berlin 2005<\/td><\/tr><\/tbody><\/table><\/figure>\n","protected":false},"excerpt":{"rendered":"<p>&#8220;\u2026 Ich wurde Mitglied vieler wissenschaftlicher Gesellschaften,und mehrere Medaillen wurden mir verliehen, \u2026&#8221; \u201d\u2026I became a member of many scientific societies and I was awarded many medals, \u2026\u201c Albert Einstein, Berlin 1932 ACADEMIES AND SOCIETIES Albert Einstein\u2018s membership in scientific academies and societies Albert Einstein was a member (full member, corresponding member, foreign member, honorary [&hellip;]<\/p>\n","protected":false},"author":2,"featured_media":0,"parent":0,"menu_order":0,"comment_status":"closed","ping_status":"closed","template":"","meta":{"footnotes":""},"class_list":["post-101","page","type-page","status-publish","hentry"],"_links":{"self":[{"href":"https:\/\/einstein-website.de\/en\/wp-json\/wp\/v2\/pages\/101"}],"collection":[{"href":"https:\/\/einstein-website.de\/en\/wp-json\/wp\/v2\/pages"}],"about":[{"href":"https:\/\/einstein-website.de\/en\/wp-json\/wp\/v2\/types\/page"}],"author":[{"embeddable":true,"href":"https:\/\/einstein-website.de\/en\/wp-json\/wp\/v2\/users\/2"}],"replies":[{"embeddable":true,"href":"https:\/\/einstein-website.de\/en\/wp-json\/wp\/v2\/comments?post=101"}],"version-history":[{"count":1,"href":"https:\/\/einstein-website.de\/en\/wp-json\/wp\/v2\/pages\/101\/revisions"}],"predecessor-version":[{"id":2540,"href":"https:\/\/einstein-website.de\/en\/wp-json\/wp\/v2\/pages\/101\/revisions\/2540"}],"wp:attachment":[{"href":"https:\/\/einstein-website.de\/en\/wp-json\/wp\/v2\/media?parent=101"}],"curies":[{"name":"wp","href":"https:\/\/api.w.org\/{rel}","templated":true}]}}